{"id":6263,"date":"2024-01-16T14:11:05","date_gmt":"2024-01-16T14:11:05","guid":{"rendered":"https:\/\/naturalthings.shop\/?page_id=6263"},"modified":"2024-03-20T11:47:25","modified_gmt":"2024-03-20T11:47:25","slug":"conditions-generales-dutilisation","status":"publish","type":"page","link":"https:\/\/naturalthings.shop\/fr\/conditions-generales-dutilisation\/","title":{"rendered":"CONDITIONS G\u00c9N\u00c9RALES D&rsquo;UTILISATION"},"content":{"rendered":"<h1>CONDITIONS G\u00c9N\u00c9RALES D&rsquo;UTILISATION<\/h1>\n<p>Derni\u00e8re mise \u00e0 jour : 16 janvier 2024<\/p>\n<p>Veuillez lire attentivement ces Conditions d&rsquo;utilisation avant d&rsquo;utiliser le site web https:\/\/naturalthings.shop exploit\u00e9 par NATURAL THINGS SHOP.<\/p>\n<p>Votre acc\u00e8s et votre utilisation du Service sont conditionn\u00e9s \u00e0 votre acceptation et \u00e0 votre conformit\u00e9 \u00e0 ces Conditions. Ces Conditions s&rsquo;appliquent \u00e0 tous les visiteurs, utilisateurs et autres personnes qui acc\u00e8dent ou utilisent le Service.<\/p>\n<p>En acc\u00e9dant ou en utilisant le Service, vous acceptez d&rsquo;\u00eatre li\u00e9 par ces Conditions. Si vous \u00eates en d\u00e9saccord avec une partie des termes, vous ne pouvez pas acc\u00e9der au Service.<\/p>\n<h3>Comptes<\/h3>\n<p>Lorsque vous cr\u00e9ez un compte chez nous, vous devez nous fournir des informations exactes, compl\u00e8tes et \u00e0 jour en tout temps. Le d\u00e9faut de le faire constitue une violation des Conditions, pouvant entra\u00eener la r\u00e9siliation imm\u00e9diate de votre compte sur notre Service.<\/p>\n<p>Vous \u00eates responsable de la protection du mot de passe que vous utilisez pour acc\u00e9der au Service et de toutes les activit\u00e9s ou actions sous votre mot de passe, que votre mot de passe soit avec notre Service ou un service tiers.<\/p>\n<p>Vous acceptez de ne pas divulguer votre mot de passe \u00e0 un tiers. Vous devez nous informer imm\u00e9diatement d\u00e8s que vous avez connaissance de toute violation de s\u00e9curit\u00e9 ou d&rsquo;utilisation non autoris\u00e9e de votre compte.<\/p>\n<h3>Propri\u00e9t\u00e9 intellectuelle<\/h3>\n<p>Le Service et son contenu original, ses fonctionnalit\u00e9s et sa fonctionnalit\u00e9 sont et resteront la propri\u00e9t\u00e9 exclusive de NATURAL THINGS SHOP et de ses conc\u00e9dants de licence.<\/p>\n<h3>Liens vers d&rsquo;autres sites web<\/h3>\n<p>Notre Service peut contenir des liens vers des sites web ou des services tiers qui ne sont ni d\u00e9tenus ni contr\u00f4l\u00e9s par NATURAL THINGS SHOP.<\/p>\n<p>NATURAL THINGS SHOP n&rsquo;a aucun contr\u00f4le sur le contenu, les politiques de confidentialit\u00e9 ou les pratiques des sites web ou services tiers. Vous reconnaissez et acceptez en outre que [wpautoterms company_name] ne soit pas responsable, directement ou indirectement, de tout dommage ou perte caus\u00e9 ou pr\u00e9tendument caus\u00e9 par ou en lien avec l&rsquo;utilisation ou la confiance accord\u00e9e \u00e0 tout tel contenu, biens ou services disponibles sur ou via tout tel site web ou service tiers.<\/p>\n<p>Nous vous conseillons vivement de lire les termes et conditions ainsi que les politiques de confidentialit\u00e9 de tout site web ou service tiers que vous visitez.<\/p>\n<h3>R\u00e9siliation<\/h3>\n<p>Nous pouvons r\u00e9silier ou suspendre imm\u00e9diatement votre compte, sans pr\u00e9avis ni responsabilit\u00e9, pour n&rsquo;importe quelle raison, y compris, mais sans limitation, si vous enfreignez les Conditions.<\/p>\n<p>\u00c0 la r\u00e9siliation, votre droit d&rsquo;utiliser le Service cessera imm\u00e9diatement. Si vous souhaitez r\u00e9silier votre compte, vous pouvez simplement cesser d&rsquo;utiliser le Service.<\/p>\n<p>Toutes les dispositions des Conditions qui, par leur nature, devraient survivre \u00e0 la r\u00e9siliation, survivront \u00e0 la r\u00e9siliation, y compris, sans limitation, les dispositions de propri\u00e9t\u00e9, les exclusions de garantie, l&rsquo;indemnisation et les limitations de responsabilit\u00e9.<\/p>\n<h3>Avertissement<\/h3>\n<p>Votre utilisation du Service se fait \u00e0 vos propres risques. Le Service est fourni sur une base \u00ab\u00a0TEL QUEL\u00a0\u00bb et \u00ab\u00a0TEL QUE DISPONIBLE\u00a0\u00bb. Le Service est fourni sans aucune garantie, qu&rsquo;elle soit expresse ou implicite, y compris, mais sans s&rsquo;y limiter, les garanties implicites de qualit\u00e9 marchande, d&rsquo;ad\u00e9quation \u00e0 un usage particulier, de non-contrefa\u00e7on ou de performance.<\/p>\n<h3>Droit applicable<\/h3>\n<p>Ces Conditions sont r\u00e9gies et interpr\u00e9t\u00e9es conform\u00e9ment aux lois de la Belgique, sans \u00e9gard \u00e0 ses principes de conflit de lois.<\/p>\n<p>Notre omission de faire respecter un droit ou une disposition de ces Conditions ne sera pas consid\u00e9r\u00e9e comme une renonciation \u00e0 ces droits. Si une disposition de ces Conditions est jug\u00e9e invalide ou inapplicable par un tribunal, les dispositions restantes de ces Conditions resteront en vigueur. Ces Conditions constituent l&rsquo;accord complet entre nous concernant notre Service, et remplacent et annulent tout accord ant\u00e9rieur que nous pourrions avoir entre nous concernant le Service.<\/p>\n<h3>Modifications<\/h3>\n<p>Nous nous r\u00e9servons le droit, \u00e0 notre seule discr\u00e9tion, de modifier ou de remplacer ces Conditions \u00e0 tout moment. En cas de modification, nous essaierons de fournir un pr\u00e9avis d&rsquo;au moins 15 jours avant que les nouvelles conditions ne prennent effet. Ce qui constitue un changement mat\u00e9riel sera d\u00e9termin\u00e9 \u00e0 notre seule discr\u00e9tion.<\/p>\n<p>En continuant d&rsquo;acc\u00e9der ou d&rsquo;utiliser notre Service apr\u00e8s que ces r\u00e9visions soient entr\u00e9es en vigueur, vous acceptez d&rsquo;\u00eatre li\u00e9 par les termes r\u00e9vis\u00e9s. Si vous n&rsquo;acceptez pas les nouveaux termes, veuillez cesser d&rsquo;utiliser le Service.<\/p>\n<h3>Contactez-nous<\/h3>\n<p>Si vous avez des questions concernant ces Conditions, veuillez nous contacter.<\/p>\n","protected":false},"excerpt":{"rendered":"<p>CONDITIONS G\u00c9N\u00c9RALES D&rsquo;UTILISATION Derni\u00e8re mise \u00e0 jour : 16 janvier 2024 Veuillez lire attentivement ces Conditions d&rsquo;utilisation avant d&rsquo;utiliser le site web https:\/\/naturalthings.shop exploit\u00e9 par NATURAL THINGS SHOP. Votre acc\u00e8s et votre utilisation du Service sont conditionn\u00e9s \u00e0 votre acceptation et \u00e0 votre conformit\u00e9 \u00e0 ces Conditions. Ces Conditions s&rsquo;appliquent \u00e0 tous les visiteurs, utilisateurs [&#8230;]\n","protected":false},"author":1,"featured_media":0,"parent":0,"menu_order":0,"comment_status":"closed","ping_status":"closed","template":"","meta":{"footnotes":""},"class_list":["post-6263","page","type-page","status-publish","hentry"],"yoast_head":"<!-- This site is optimized with the Yoast SEO Premium plugin v22.9 (Yoast SEO v27.0) - https:\/\/yoast.com\/product\/yoast-seo-premium-wordpress\/ -->\n<title>CONDITIONS G\u00c9N\u00c9RALES D&#039;UTILISATION - NATURAL THINGS SHOP<\/title>\n<meta name=\"robots\" content=\"noindex, nofollow\" \/>\n<meta property=\"og:locale\" content=\"fr_FR\" \/>\n<meta property=\"og:type\" content=\"article\" \/>\n<meta property=\"og:title\" content=\"CONDITIONS G\u00c9N\u00c9RALES D&#039;UTILISATION\" \/>\n<meta property=\"og:description\" content=\"CONDITIONS G\u00c9N\u00c9RALES D&rsquo;UTILISATION Derni\u00e8re mise \u00e0 jour : 16 janvier 2024 Veuillez lire attentivement ces Conditions d&rsquo;utilisation avant d&rsquo;utiliser le site web https:\/\/naturalthings.shop exploit\u00e9 par NATURAL THINGS SHOP. Votre acc\u00e8s et votre utilisation du Service sont conditionn\u00e9s \u00e0 votre acceptation et \u00e0 votre conformit\u00e9 \u00e0 ces Conditions. Ces Conditions s&rsquo;appliquent \u00e0 tous les visiteurs, utilisateurs [...]\" \/>\n<meta property=\"og:url\" content=\"https:\/\/naturalthings.shop\/fr\/conditions-generales-dutilisation\/\" \/>\n<meta property=\"og:site_name\" content=\"NATURAL THINGS SHOP\" \/>\n<meta property=\"article:modified_time\" content=\"2024-03-20T11:47:25+00:00\" \/>\n<meta property=\"og:image\" content=\"https:\/\/naturalthings.shop\/wp-content\/uploads\/2023\/11\/LOGO-TSR-2-V3.png\" \/>\n\t<meta property=\"og:image:width\" content=\"920\" \/>\n\t<meta property=\"og:image:height\" content=\"829\" \/>\n\t<meta property=\"og:image:type\" content=\"image\/png\" \/>\n<meta name=\"twitter:card\" content=\"summary_large_image\" \/>\n<meta name=\"twitter:label1\" content=\"Dur\u00e9e de lecture estim\u00e9e\" \/>\n\t<meta name=\"twitter:data1\" content=\"4 minutes\" \/>\n<script type=\"application\/ld+json\" class=\"yoast-schema-graph\">{\"@context\":\"https:\/\/schema.org\",\"@graph\":[{\"@type\":\"WebPage\",\"@id\":\"https:\/\/naturalthings.shop\/fr\/conditions-generales-dutilisation\/\",\"url\":\"https:\/\/naturalthings.shop\/fr\/conditions-generales-dutilisation\/\",\"name\":\"CONDITIONS G\u00c9N\u00c9RALES D'UTILISATION - NATURAL THINGS SHOP\",\"isPartOf\":{\"@id\":\"https:\/\/naturalthings.shop\/#website\"},\"datePublished\":\"2024-01-16T14:11:05+00:00\",\"dateModified\":\"2024-03-20T11:47:25+00:00\",\"breadcrumb\":{\"@id\":\"https:\/\/naturalthings.shop\/fr\/conditions-generales-dutilisation\/#breadcrumb\"},\"inLanguage\":\"fr-FR\",\"potentialAction\":[{\"@type\":\"ReadAction\",\"target\":[\"https:\/\/naturalthings.shop\/fr\/conditions-generales-dutilisation\/\"]}]},{\"@type\":\"BreadcrumbList\",\"@id\":\"https:\/\/naturalthings.shop\/fr\/conditions-generales-dutilisation\/#breadcrumb\",\"itemListElement\":[{\"@type\":\"ListItem\",\"position\":1,\"name\":\"Home\",\"item\":\"https:\/\/naturalthings.shop\/fr\/\"},{\"@type\":\"ListItem\",\"position\":2,\"name\":\"CONDITIONS G\u00c9N\u00c9RALES D&#8217;UTILISATION\"}]},{\"@type\":\"WebSite\",\"@id\":\"https:\/\/naturalthings.shop\/#website\",\"url\":\"https:\/\/naturalthings.shop\/\",\"name\":\"NATURAL THINGS SHOP\",\"description\":\"\",\"publisher\":{\"@id\":\"https:\/\/naturalthings.shop\/#organization\"},\"potentialAction\":[{\"@type\":\"SearchAction\",\"target\":{\"@type\":\"EntryPoint\",\"urlTemplate\":\"https:\/\/naturalthings.shop\/?s={search_term_string}\"},\"query-input\":{\"@type\":\"PropertyValueSpecification\",\"valueRequired\":true,\"valueName\":\"search_term_string\"}}],\"inLanguage\":\"fr-FR\"},{\"@type\":\"Organization\",\"@id\":\"https:\/\/naturalthings.shop\/#organization\",\"name\":\"NATURAL THINGS SHOP\",\"url\":\"https:\/\/naturalthings.shop\/\",\"logo\":{\"@type\":\"ImageObject\",\"inLanguage\":\"fr-FR\",\"@id\":\"https:\/\/naturalthings.shop\/#\/schema\/logo\/image\/\",\"url\":\"https:\/\/naturalthings.shop\/wp-content\/uploads\/2023\/11\/LOGO-TSR-2-V3.png\",\"contentUrl\":\"https:\/\/naturalthings.shop\/wp-content\/uploads\/2023\/11\/LOGO-TSR-2-V3.png\",\"width\":920,\"height\":829,\"caption\":\"NATURAL THINGS SHOP\"},\"image\":{\"@id\":\"https:\/\/naturalthings.shop\/#\/schema\/logo\/image\/\"}}]}<\/script>\n<!-- \/ Yoast SEO Premium plugin. -->","yoast_head_json":{"title":"CONDITIONS G\u00c9N\u00c9RALES D'UTILISATION - NATURAL THINGS SHOP","robots":{"index":"noindex","follow":"nofollow"},"og_locale":"fr_FR","og_type":"article","og_title":"CONDITIONS G\u00c9N\u00c9RALES D'UTILISATION","og_description":"CONDITIONS G\u00c9N\u00c9RALES D&rsquo;UTILISATION Derni\u00e8re mise \u00e0 jour : 16 janvier 2024 Veuillez lire attentivement ces Conditions d&rsquo;utilisation avant d&rsquo;utiliser le site web https:\/\/naturalthings.shop exploit\u00e9 par NATURAL THINGS SHOP. Votre acc\u00e8s et votre utilisation du Service sont conditionn\u00e9s \u00e0 votre acceptation et \u00e0 votre conformit\u00e9 \u00e0 ces Conditions. Ces Conditions s&rsquo;appliquent \u00e0 tous les visiteurs, utilisateurs [...]","og_url":"https:\/\/naturalthings.shop\/fr\/conditions-generales-dutilisation\/","og_site_name":"NATURAL THINGS SHOP","article_modified_time":"2024-03-20T11:47:25+00:00","og_image":[{"width":920,"height":829,"url":"https:\/\/naturalthings.shop\/wp-content\/uploads\/2023\/11\/LOGO-TSR-2-V3.png","type":"image\/png"}],"twitter_card":"summary_large_image","twitter_misc":{"Dur\u00e9e de lecture estim\u00e9e":"4 minutes"},"schema":{"@context":"https:\/\/schema.org","@graph":[{"@type":"WebPage","@id":"https:\/\/naturalthings.shop\/fr\/conditions-generales-dutilisation\/","url":"https:\/\/naturalthings.shop\/fr\/conditions-generales-dutilisation\/","name":"CONDITIONS G\u00c9N\u00c9RALES D'UTILISATION - NATURAL THINGS SHOP","isPartOf":{"@id":"https:\/\/naturalthings.shop\/#website"},"datePublished":"2024-01-16T14:11:05+00:00","dateModified":"2024-03-20T11:47:25+00:00","breadcrumb":{"@id":"https:\/\/naturalthings.shop\/fr\/conditions-generales-dutilisation\/#breadcrumb"},"inLanguage":"fr-FR","potentialAction":[{"@type":"ReadAction","target":["https:\/\/naturalthings.shop\/fr\/conditions-generales-dutilisation\/"]}]},{"@type":"BreadcrumbList","@id":"https:\/\/naturalthings.shop\/fr\/conditions-generales-dutilisation\/#breadcrumb","itemListElement":[{"@type":"ListItem","position":1,"name":"Home","item":"https:\/\/naturalthings.shop\/fr\/"},{"@type":"ListItem","position":2,"name":"CONDITIONS G\u00c9N\u00c9RALES D&#8217;UTILISATION"}]},{"@type":"WebSite","@id":"https:\/\/naturalthings.shop\/#website","url":"https:\/\/naturalthings.shop\/","name":"NATURAL THINGS SHOP","description":"","publisher":{"@id":"https:\/\/naturalthings.shop\/#organization"},"potentialAction":[{"@type":"SearchAction","target":{"@type":"EntryPoint","urlTemplate":"https:\/\/naturalthings.shop\/?s={search_term_string}"},"query-input":{"@type":"PropertyValueSpecification","valueRequired":true,"valueName":"search_term_string"}}],"inLanguage":"fr-FR"},{"@type":"Organization","@id":"https:\/\/naturalthings.shop\/#organization","name":"NATURAL THINGS SHOP","url":"https:\/\/naturalthings.shop\/","logo":{"@type":"ImageObject","inLanguage":"fr-FR","@id":"https:\/\/naturalthings.shop\/#\/schema\/logo\/image\/","url":"https:\/\/naturalthings.shop\/wp-content\/uploads\/2023\/11\/LOGO-TSR-2-V3.png","contentUrl":"https:\/\/naturalthings.shop\/wp-content\/uploads\/2023\/11\/LOGO-TSR-2-V3.png","width":920,"height":829,"caption":"NATURAL THINGS SHOP"},"image":{"@id":"https:\/\/naturalthings.shop\/#\/schema\/logo\/image\/"}}]}},"_links":{"self":[{"href":"https:\/\/naturalthings.shop\/fr\/wp-json\/wp\/v2\/pages\/6263","targetHints":{"allow":["GET"]}}],"collection":[{"href":"https:\/\/naturalthings.shop\/fr\/wp-json\/wp\/v2\/pages"}],"about":[{"href":"https:\/\/naturalthings.shop\/fr\/wp-json\/wp\/v2\/types\/page"}],"author":[{"embeddable":true,"href":"https:\/\/naturalthings.shop\/fr\/wp-json\/wp\/v2\/users\/1"}],"replies":[{"embeddable":true,"href":"https:\/\/naturalthings.shop\/fr\/wp-json\/wp\/v2\/comments?post=6263"}],"version-history":[{"count":1,"href":"https:\/\/naturalthings.shop\/fr\/wp-json\/wp\/v2\/pages\/6263\/revisions"}],"predecessor-version":[{"id":6265,"href":"https:\/\/naturalthings.shop\/fr\/wp-json\/wp\/v2\/pages\/6263\/revisions\/6265"}],"wp:attachment":[{"href":"https:\/\/naturalthings.shop\/fr\/wp-json\/wp\/v2\/media?parent=6263"}],"curies":[{"name":"wp","href":"https:\/\/api.w.org\/{rel}","templated":true}]}}