{"id":6247,"date":"2023-11-06T13:49:38","date_gmt":"2023-11-06T13:49:38","guid":{"rendered":"https:\/\/naturalthings.shop\/?page_id=6247"},"modified":"2024-03-20T11:17:13","modified_gmt":"2024-03-20T11:17:13","slug":"politique-de-confidentialite","status":"publish","type":"page","link":"https:\/\/naturalthings.shop\/fr\/politique-de-confidentialite\/","title":{"rendered":"POLITIQUE DE CONFIDENTIALIT\u00c9"},"content":{"rendered":"<h1><span class=\"ez-toc-section\" id=\"POLITIQUE_DE_CONFIDENTIALITE\"><\/span>POLITIQUE DE CONFIDENTIALIT\u00c9<span class=\"ez-toc-section-end\"><\/span><\/h1>\n<p>Derni\u00e8re mise \u00e0 jour : 16 janvier 2024<\/p>\n<h2><span class=\"ez-toc-section\" id=\"Qui_nous_sommes\"><\/span>Qui nous sommes<span class=\"ez-toc-section-end\"><\/span><\/h2>\n<p>L\u2019adresse de notre site Web est\u00a0: https:\/\/naturalthings.shop.<\/p>\n<h2><span class=\"ez-toc-section\" id=\"commentaires\"><\/span>commentaires<span class=\"ez-toc-section-end\"><\/span><\/h2>\n<p>Lorsque les visiteurs laissent des commentaires sur le site, nous collectons les donn\u00e9es affich\u00e9es dans le formulaire de commentaires, ainsi que l&rsquo;adresse IP du visiteur et la cha\u00eene de l&rsquo;agent utilisateur du navigateur pour faciliter la d\u00e9tection du spam.<\/p>\n<p>Une cha\u00eene anonymis\u00e9e cr\u00e9\u00e9e \u00e0 partir de votre adresse e-mail (\u00e9galement appel\u00e9e hachage) peut \u00eatre fournie au service Gravatar pour voir si vous l&rsquo;utilisez. La politique de confidentialit\u00e9 du service Gravatar est disponible ici\u00a0: https:\/\/automattic.com\/privacy\/. Apr\u00e8s approbation de votre commentaire, votre photo de profil est visible publiquement dans le cadre de votre commentaire.<\/p>\n<h2><span class=\"ez-toc-section\" id=\"Media\"><\/span>M\u00e9dia<span class=\"ez-toc-section-end\"><\/span><\/h2>\n<p>Si vous t\u00e9l\u00e9chargez des images sur le site Web, vous devez \u00e9viter de t\u00e9l\u00e9charger des images contenant des donn\u00e9es de localisation int\u00e9gr\u00e9es (GPS EXIF). Les visiteurs du site Web peuvent t\u00e9l\u00e9charger et extraire toutes les donn\u00e9es de localisation des images du site Web.<\/p>\n<h2><span class=\"ez-toc-section\" id=\"Cookies\"><\/span>Cookies<span class=\"ez-toc-section-end\"><\/span><\/h2>\n<p>Si vous laissez un commentaire sur notre site, vous pouvez choisir d&rsquo;enregistrer votre nom, votre adresse e-mail et votre site Web dans des cookies. Ces informations sont destin\u00e9es \u00e0 votre commodit\u00e9 afin que vous n&rsquo;ayez pas \u00e0 remplir \u00e0 nouveau vos coordonn\u00e9es lorsque vous laissez un autre commentaire. Ces cookies dureront un an.<\/p>\n<p>Si vous visitez notre page de connexion, nous d\u00e9finirons un cookie temporaire pour d\u00e9terminer si votre navigateur accepte les cookies. Ce cookie ne contient aucune donn\u00e9e personnelle et est supprim\u00e9 lorsque vous fermez votre navigateur.<\/p>\n<p>Lors de votre connexion, nous mettrons \u00e9galement en place plusieurs cookies pour enregistrer vos informations de connexion et vos choix d&rsquo;affichage \u00e0 l&rsquo;\u00e9cran. Les cookies de connexion durent deux jours et les cookies d\u2019options d\u2019\u00e9cran durent un an. Si vous s\u00e9lectionnez \u00ab Se souvenir de moi \u00bb, votre connexion persistera pendant deux semaines. Si vous vous d\u00e9connectez de votre compte, les cookies de connexion seront supprim\u00e9s.<\/p>\n<p>Si vous modifiez ou publiez un article, un cookie suppl\u00e9mentaire sera enregistr\u00e9 dans votre navigateur. Ce cookie ne contient aucune donn\u00e9e personnelle et indique simplement l&rsquo;identifiant de la publication de l&rsquo;article que vous venez de modifier. Il expire apr\u00e8s 1 jour.<\/p>\n<h2><span class=\"ez-toc-section\" id=\"Contenu_integre_provenant_dautres_sites_Web\"><\/span>Contenu int\u00e9gr\u00e9 provenant d&rsquo;autres sites Web<span class=\"ez-toc-section-end\"><\/span><\/h2>\n<p>Les articles de ce site peuvent inclure du contenu int\u00e9gr\u00e9 (par exemple des vid\u00e9os, des images, des articles, etc.). Le contenu int\u00e9gr\u00e9 d\u2019autres sites Web se comporte exactement de la m\u00eame mani\u00e8re que si le visiteur avait visit\u00e9 l\u2019autre site Web.<\/p>\n<p>Ces sites Web peuvent collecter des donn\u00e9es sur vous, utiliser des cookies, int\u00e9grer un suivi tiers suppl\u00e9mentaire et surveiller votre interaction avec ce contenu int\u00e9gr\u00e9, y compris le suivi de votre interaction avec le contenu int\u00e9gr\u00e9 si vous disposez d&rsquo;un compte et \u00eates connect\u00e9 \u00e0 ce site Web.<\/p>\n<h2><span class=\"ez-toc-section\" id=\"Avec_qui_partageons-nous_vos_donnees\"><\/span>Avec qui partageons-nous vos donn\u00e9es<span class=\"ez-toc-section-end\"><\/span><\/h2>\n<p>Si vous demandez une r\u00e9initialisation de mot de passe, votre adresse IP sera incluse dans l&rsquo;e-mail de r\u00e9initialisation.<\/p>\n<h2><span class=\"ez-toc-section\" id=\"Combien_de_temps_conservons-nous_vos_donnees\"><\/span>Combien de temps conservons-nous vos donn\u00e9es<span class=\"ez-toc-section-end\"><\/span><\/h2>\n<p>Si vous laissez un commentaire, le commentaire et ses m\u00e9tadonn\u00e9es sont conserv\u00e9s ind\u00e9finiment. Cela nous permet de reconna\u00eetre et d&rsquo;approuver automatiquement tous les commentaires suivants au lieu de les conserver dans une file d&rsquo;attente de mod\u00e9ration.<\/p>\n<p>Pour les utilisateurs qui s&rsquo;inscrivent sur notre site Web (le cas \u00e9ch\u00e9ant), nous stockons \u00e9galement les informations personnelles qu&rsquo;ils fournissent dans leur profil d&rsquo;utilisateur. Tous les utilisateurs peuvent voir, modifier ou supprimer leurs informations personnelles \u00e0 tout moment (sauf qu&rsquo;ils ne peuvent pas modifier leur nom d&rsquo;utilisateur). Les administrateurs de sites Web peuvent \u00e9galement voir et modifier ces informations.<\/p>\n<h2><span class=\"ez-toc-section\" id=\"Quels_sont_vos_droits_sur_vos_donnees\"><\/span>Quels sont vos droits sur vos donn\u00e9es<span class=\"ez-toc-section-end\"><\/span><\/h2>\n<p>Si vous avez un compte sur ce site ou si vous avez laiss\u00e9 des commentaires, vous pouvez demander \u00e0 recevoir un fichier export\u00e9 des donn\u00e9es personnelles que nous d\u00e9tenons \u00e0 votre sujet, y compris toutes les donn\u00e9es que vous nous avez fournies. Vous pouvez \u00e9galement demander que nous supprimions toutes les donn\u00e9es personnelles que nous d\u00e9tenons \u00e0 votre sujet. Cela n&rsquo;inclut pas les donn\u00e9es que nous sommes oblig\u00e9s de conserver \u00e0 des fins administratives, juridiques ou de s\u00e9curit\u00e9.<\/p>\n<h2><span class=\"ez-toc-section\" id=\"Ou_vos_donnees_sont_envoyees\"><\/span>O\u00f9 vos donn\u00e9es sont envoy\u00e9es<span class=\"ez-toc-section-end\"><\/span><\/h2>\n<p>Les commentaires des visiteurs peuvent \u00eatre v\u00e9rifi\u00e9s via un service automatis\u00e9 de d\u00e9tection de spam.<\/p>\n<p>&nbsp;<\/p>\n<h1><span class=\"ez-toc-section\" id=\"POLITIQUE_DE_COMMERCE_WOO\"><\/span>POLITIQUE DE COMMERCE WOO<span class=\"ez-toc-section-end\"><\/span><\/h1>\n<p>Nous collectons des informations vous concernant lors du processus de paiement sur notre boutique.<\/p>\n<h2><span class=\"ez-toc-section\" id=\"Ce_que_nous_collectons_et_stockons\"><\/span>Ce que nous collectons et stockons<span class=\"ez-toc-section-end\"><\/span><\/h2>\n<p>Pendant que vous visitez notre site, nous suivrons\u00a0:<\/p>\n<p>Produits que vous avez consult\u00e9s\u00a0: nous l&rsquo;utiliserons pour, par exemple, vous montrer les produits que vous avez r\u00e9cemment consult\u00e9s<br \/>\nEmplacement, adresse IP et type de navigateur\u00a0: nous les utiliserons \u00e0 des fins telles que l&rsquo;estimation des taxes et des frais d&rsquo;exp\u00e9dition.<br \/>\nAdresse de livraison : nous vous demanderons de la saisir afin que nous puissions, par exemple, estimer les frais de livraison avant de passer commande et vous envoyer la commande !<br \/>\nNous utiliserons \u00e9galement des cookies pour suivre le contenu du panier pendant que vous naviguez sur notre site.<\/p>\n<p>Lorsque vous achetez chez nous, nous vous demanderons de fournir des informations telles que votre nom, votre adresse de facturation, votre adresse de livraison, votre adresse e-mail, votre num\u00e9ro de t\u00e9l\u00e9phone, les d\u00e9tails de votre carte de cr\u00e9dit\/paiement et des informations facultatives sur votre compte telles que votre nom d&rsquo;utilisateur et votre mot de passe. Nous utiliserons ces informations \u00e0 des fins telles que\u00a0:<\/p>\n<p>Vous envoyer des informations sur votre compte et votre commande<br \/>\nR\u00e9pondre \u00e0 vos demandes, y compris les remboursements et les r\u00e9clamations<br \/>\nTraiter les paiements et pr\u00e9venir la fraude<br \/>\nCr\u00e9ez votre compte pour notre boutique<br \/>\nSe conformer \u00e0 toutes nos obligations l\u00e9gales, telles que le calcul des taxes<br \/>\nAm\u00e9liorer l&rsquo;offre de nos magasins<br \/>\nVous envoyer des messages marketing, si vous choisissez de les recevoir<br \/>\nSi vous cr\u00e9ez un compte, nous stockerons votre nom, votre adresse, votre adresse e-mail et votre num\u00e9ro de t\u00e9l\u00e9phone, qui seront utilis\u00e9s pour remplir le formulaire de paiement pour les commandes futures.<\/p>\n<p>Nous conservons g\u00e9n\u00e9ralement les informations vous concernant aussi longtemps que nous en avons besoin aux fins pour lesquelles nous les collectons et les utilisons, et nous ne sommes pas l\u00e9galement tenus de continuer \u00e0 les conserver. Par exemple, nous conserverons les informations de commande pendant XXX ans \u00e0 des fins fiscales et comptables. Cela inclut votre nom, votre adresse e-mail et vos adresses de facturation et de livraison.<\/p>\n<p>Nous stockerons \u00e9galement des commentaires ou des avis, si vous choisissez de les laisser.<\/p>\n<h2><span class=\"ez-toc-section\" id=\"Qui_dans_notre_equipe_a_acces\"><\/span>Qui dans notre \u00e9quipe a acc\u00e8s<span class=\"ez-toc-section-end\"><\/span><\/h2>\n<p>Les membres de notre \u00e9quipe ont acc\u00e8s aux informations que vous nous fournissez. Par exemple, les administrateurs et les g\u00e9rants de boutique peuvent acc\u00e9der\u00a0:<\/p>\n<p>Informations sur la commande telles que ce qui a \u00e9t\u00e9 achet\u00e9, quand il a \u00e9t\u00e9 achet\u00e9 et o\u00f9 il doit \u00eatre envoy\u00e9, et<br \/>\nInformations client telles que votre nom, votre adresse e-mail et vos informations de facturation et d&rsquo;exp\u00e9dition.<br \/>\nLes membres de notre \u00e9quipe ont acc\u00e8s \u00e0 ces informations pour vous aider \u00e0 ex\u00e9cuter les commandes, \u00e0 traiter les remboursements et \u00e0 vous aider.<\/p>\n<h2><span class=\"ez-toc-section\" id=\"Ce_que_nous_partageons_avec_les_autres\"><\/span>Ce que nous partageons avec les autres<span class=\"ez-toc-section-end\"><\/span><\/h2>\n<p>Nous partageons des informations avec des tiers qui nous aident \u00e0 vous fournir nos commandes et nos services de magasin\u00a0; Par exemple &#8211;<\/p>\n<h3>Paiements<\/h3>\n<p>Nous acceptons les paiements via PayPal. Lors du traitement des paiements, certaines de vos donn\u00e9es seront transmises \u00e0 PayPal, y compris les informations requises pour traiter ou prendre en charge le paiement, telles que le total de l&rsquo;achat et les informations de facturation.<\/p>\n<p>Veuillez consulter la politique de confidentialit\u00e9 de PayPal pour plus de d\u00e9tails.<\/p>\n<p>***<\/p>\n<p>Ce site utilise la mise en cache afin de faciliter un temps de r\u00e9ponse plus rapide et une meilleure exp\u00e9rience utilisateur. La mise en cache stocke potentiellement une copie en double de chaque page Web affich\u00e9e sur ce site. Tous les fichiers de cache sont temporaires et ne sont jamais accessibles par des tiers, sauf si cela est n\u00e9cessaire pour obtenir une assistance technique aupr\u00e8s du fournisseur du plug-in de cache. Les fichiers de cache expirent selon un calendrier d\u00e9fini par l&rsquo;administrateur du site, mais peuvent facilement \u00eatre purg\u00e9s par l&rsquo;administrateur avant leur expiration naturelle, si n\u00e9cessaire. Nous pouvons utiliser les services QUIC.cloud pour traiter et mettre temporairement en cache vos donn\u00e9es. Veuillez consulter https:\/\/quic.cloud\/privacy-policy\/ pour plus de d\u00e9tails.<\/p>\n","protected":false},"excerpt":{"rendered":"<p>POLITIQUE DE CONFIDENTIALIT\u00c9 Derni\u00e8re mise \u00e0 jour : 16 janvier 2024 Qui nous sommes L\u2019adresse de notre site Web est\u00a0: https:\/\/naturalthings.shop. commentaires Lorsque les visiteurs laissent des commentaires sur le site, nous collectons les donn\u00e9es affich\u00e9es dans le formulaire de commentaires, ainsi que l&rsquo;adresse IP du visiteur et la cha\u00eene de l&rsquo;agent utilisateur du navigateur [&#8230;]\n","protected":false},"author":1,"featured_media":0,"parent":0,"menu_order":0,"comment_status":"closed","ping_status":"closed","template":"","meta":{"footnotes":""},"class_list":["post-6247","page","type-page","status-publish","hentry"],"yoast_head":"<!-- This site is optimized with the Yoast SEO Premium plugin v22.9 (Yoast SEO v27.0) - https:\/\/yoast.com\/product\/yoast-seo-premium-wordpress\/ -->\n<title>POLITIQUE DE CONFIDENTIALIT\u00c9 - NATURAL THINGS SHOP<\/title>\n<meta name=\"robots\" content=\"noindex, nofollow\" \/>\n<meta property=\"og:locale\" content=\"fr_FR\" \/>\n<meta property=\"og:type\" content=\"article\" \/>\n<meta property=\"og:title\" content=\"POLITIQUE DE CONFIDENTIALIT\u00c9\" \/>\n<meta property=\"og:description\" content=\"POLITIQUE DE CONFIDENTIALIT\u00c9 Derni\u00e8re mise \u00e0 jour : 16 janvier 2024 Qui nous sommes L\u2019adresse de notre site Web est\u00a0: https:\/\/naturalthings.shop. commentaires Lorsque les visiteurs laissent des commentaires sur le site, nous collectons les donn\u00e9es affich\u00e9es dans le formulaire de commentaires, ainsi que l&rsquo;adresse IP du visiteur et la cha\u00eene de l&rsquo;agent utilisateur du navigateur [...]\" \/>\n<meta property=\"og:url\" content=\"https:\/\/naturalthings.shop\/fr\/politique-de-confidentialite\/\" \/>\n<meta property=\"og:site_name\" content=\"NATURAL THINGS SHOP\" \/>\n<meta property=\"article:modified_time\" content=\"2024-03-20T11:17:13+00:00\" \/>\n<meta property=\"og:image\" content=\"https:\/\/naturalthings.shop\/wp-content\/uploads\/2023\/11\/LOGO-TSR-2-V3.png\" \/>\n\t<meta property=\"og:image:width\" content=\"920\" \/>\n\t<meta property=\"og:image:height\" content=\"829\" \/>\n\t<meta property=\"og:image:type\" content=\"image\/png\" \/>\n<meta name=\"twitter:card\" content=\"summary_large_image\" \/>\n<meta name=\"twitter:label1\" content=\"Dur\u00e9e de lecture estim\u00e9e\" \/>\n\t<meta name=\"twitter:data1\" content=\"6 minutes\" \/>\n<script type=\"application\/ld+json\" class=\"yoast-schema-graph\">{\"@context\":\"https:\/\/schema.org\",\"@graph\":[{\"@type\":\"WebPage\",\"@id\":\"https:\/\/naturalthings.shop\/fr\/politique-de-confidentialite\/\",\"url\":\"https:\/\/naturalthings.shop\/fr\/politique-de-confidentialite\/\",\"name\":\"POLITIQUE DE CONFIDENTIALIT\u00c9 - NATURAL THINGS SHOP\",\"isPartOf\":{\"@id\":\"https:\/\/naturalthings.shop\/#website\"},\"datePublished\":\"2023-11-06T13:49:38+00:00\",\"dateModified\":\"2024-03-20T11:17:13+00:00\",\"breadcrumb\":{\"@id\":\"https:\/\/naturalthings.shop\/fr\/politique-de-confidentialite\/#breadcrumb\"},\"inLanguage\":\"fr-FR\",\"potentialAction\":[{\"@type\":\"ReadAction\",\"target\":[\"https:\/\/naturalthings.shop\/fr\/politique-de-confidentialite\/\"]}]},{\"@type\":\"BreadcrumbList\",\"@id\":\"https:\/\/naturalthings.shop\/fr\/politique-de-confidentialite\/#breadcrumb\",\"itemListElement\":[{\"@type\":\"ListItem\",\"position\":1,\"name\":\"Home\",\"item\":\"https:\/\/naturalthings.shop\/fr\/\"},{\"@type\":\"ListItem\",\"position\":2,\"name\":\"POLITIQUE DE CONFIDENTIALIT\u00c9\"}]},{\"@type\":\"WebSite\",\"@id\":\"https:\/\/naturalthings.shop\/#website\",\"url\":\"https:\/\/naturalthings.shop\/\",\"name\":\"NATURAL THINGS SHOP\",\"description\":\"\",\"publisher\":{\"@id\":\"https:\/\/naturalthings.shop\/#organization\"},\"potentialAction\":[{\"@type\":\"SearchAction\",\"target\":{\"@type\":\"EntryPoint\",\"urlTemplate\":\"https:\/\/naturalthings.shop\/?s={search_term_string}\"},\"query-input\":{\"@type\":\"PropertyValueSpecification\",\"valueRequired\":true,\"valueName\":\"search_term_string\"}}],\"inLanguage\":\"fr-FR\"},{\"@type\":\"Organization\",\"@id\":\"https:\/\/naturalthings.shop\/#organization\",\"name\":\"NATURAL THINGS SHOP\",\"url\":\"https:\/\/naturalthings.shop\/\",\"logo\":{\"@type\":\"ImageObject\",\"inLanguage\":\"fr-FR\",\"@id\":\"https:\/\/naturalthings.shop\/#\/schema\/logo\/image\/\",\"url\":\"https:\/\/naturalthings.shop\/wp-content\/uploads\/2023\/11\/LOGO-TSR-2-V3.png\",\"contentUrl\":\"https:\/\/naturalthings.shop\/wp-content\/uploads\/2023\/11\/LOGO-TSR-2-V3.png\",\"width\":920,\"height\":829,\"caption\":\"NATURAL THINGS SHOP\"},\"image\":{\"@id\":\"https:\/\/naturalthings.shop\/#\/schema\/logo\/image\/\"}}]}<\/script>\n<!-- \/ Yoast SEO Premium plugin. -->","yoast_head_json":{"title":"POLITIQUE DE CONFIDENTIALIT\u00c9 - NATURAL THINGS SHOP","robots":{"index":"noindex","follow":"nofollow"},"og_locale":"fr_FR","og_type":"article","og_title":"POLITIQUE DE CONFIDENTIALIT\u00c9","og_description":"POLITIQUE DE CONFIDENTIALIT\u00c9 Derni\u00e8re mise \u00e0 jour : 16 janvier 2024 Qui nous sommes L\u2019adresse de notre site Web est\u00a0: https:\/\/naturalthings.shop. commentaires Lorsque les visiteurs laissent des commentaires sur le site, nous collectons les donn\u00e9es affich\u00e9es dans le formulaire de commentaires, ainsi que l&rsquo;adresse IP du visiteur et la cha\u00eene de l&rsquo;agent utilisateur du navigateur [...]","og_url":"https:\/\/naturalthings.shop\/fr\/politique-de-confidentialite\/","og_site_name":"NATURAL THINGS SHOP","article_modified_time":"2024-03-20T11:17:13+00:00","og_image":[{"width":920,"height":829,"url":"https:\/\/naturalthings.shop\/wp-content\/uploads\/2023\/11\/LOGO-TSR-2-V3.png","type":"image\/png"}],"twitter_card":"summary_large_image","twitter_misc":{"Dur\u00e9e de lecture estim\u00e9e":"6 minutes"},"schema":{"@context":"https:\/\/schema.org","@graph":[{"@type":"WebPage","@id":"https:\/\/naturalthings.shop\/fr\/politique-de-confidentialite\/","url":"https:\/\/naturalthings.shop\/fr\/politique-de-confidentialite\/","name":"POLITIQUE DE CONFIDENTIALIT\u00c9 - NATURAL THINGS SHOP","isPartOf":{"@id":"https:\/\/naturalthings.shop\/#website"},"datePublished":"2023-11-06T13:49:38+00:00","dateModified":"2024-03-20T11:17:13+00:00","breadcrumb":{"@id":"https:\/\/naturalthings.shop\/fr\/politique-de-confidentialite\/#breadcrumb"},"inLanguage":"fr-FR","potentialAction":[{"@type":"ReadAction","target":["https:\/\/naturalthings.shop\/fr\/politique-de-confidentialite\/"]}]},{"@type":"BreadcrumbList","@id":"https:\/\/naturalthings.shop\/fr\/politique-de-confidentialite\/#breadcrumb","itemListElement":[{"@type":"ListItem","position":1,"name":"Home","item":"https:\/\/naturalthings.shop\/fr\/"},{"@type":"ListItem","position":2,"name":"POLITIQUE DE CONFIDENTIALIT\u00c9"}]},{"@type":"WebSite","@id":"https:\/\/naturalthings.shop\/#website","url":"https:\/\/naturalthings.shop\/","name":"NATURAL THINGS SHOP","description":"","publisher":{"@id":"https:\/\/naturalthings.shop\/#organization"},"potentialAction":[{"@type":"SearchAction","target":{"@type":"EntryPoint","urlTemplate":"https:\/\/naturalthings.shop\/?s={search_term_string}"},"query-input":{"@type":"PropertyValueSpecification","valueRequired":true,"valueName":"search_term_string"}}],"inLanguage":"fr-FR"},{"@type":"Organization","@id":"https:\/\/naturalthings.shop\/#organization","name":"NATURAL THINGS SHOP","url":"https:\/\/naturalthings.shop\/","logo":{"@type":"ImageObject","inLanguage":"fr-FR","@id":"https:\/\/naturalthings.shop\/#\/schema\/logo\/image\/","url":"https:\/\/naturalthings.shop\/wp-content\/uploads\/2023\/11\/LOGO-TSR-2-V3.png","contentUrl":"https:\/\/naturalthings.shop\/wp-content\/uploads\/2023\/11\/LOGO-TSR-2-V3.png","width":920,"height":829,"caption":"NATURAL THINGS SHOP"},"image":{"@id":"https:\/\/naturalthings.shop\/#\/schema\/logo\/image\/"}}]}},"_links":{"self":[{"href":"https:\/\/naturalthings.shop\/fr\/wp-json\/wp\/v2\/pages\/6247","targetHints":{"allow":["GET"]}}],"collection":[{"href":"https:\/\/naturalthings.shop\/fr\/wp-json\/wp\/v2\/pages"}],"about":[{"href":"https:\/\/naturalthings.shop\/fr\/wp-json\/wp\/v2\/types\/page"}],"author":[{"embeddable":true,"href":"https:\/\/naturalthings.shop\/fr\/wp-json\/wp\/v2\/users\/1"}],"replies":[{"embeddable":true,"href":"https:\/\/naturalthings.shop\/fr\/wp-json\/wp\/v2\/comments?post=6247"}],"version-history":[{"count":3,"href":"https:\/\/naturalthings.shop\/fr\/wp-json\/wp\/v2\/pages\/6247\/revisions"}],"predecessor-version":[{"id":6251,"href":"https:\/\/naturalthings.shop\/fr\/wp-json\/wp\/v2\/pages\/6247\/revisions\/6251"}],"wp:attachment":[{"href":"https:\/\/naturalthings.shop\/fr\/wp-json\/wp\/v2\/media?parent=6247"}],"curies":[{"name":"wp","href":"https:\/\/api.w.org\/{rel}","templated":true}]}}