{"id":6235,"date":"2024-01-16T13:33:40","date_gmt":"2024-01-16T13:33:40","guid":{"rendered":"https:\/\/naturalthings.shop\/?page_id=6235"},"modified":"2024-03-20T11:31:23","modified_gmt":"2024-03-20T11:31:23","slug":"declaration-daffiliation","status":"publish","type":"page","link":"https:\/\/naturalthings.shop\/fr\/declaration-daffiliation\/","title":{"rendered":"D\u00c9CLARATION D&rsquo;AFFILIATION"},"content":{"rendered":"<div class=\"container section-title-container\" ><h1 class=\"section-title section-title-normal\"><b aria-hidden=\"true\"><\/b><span class=\"section-title-main\" >D\u00c9CLARATION D'AFFILIATION<\/span><b aria-hidden=\"true\"><\/b><\/h1><\/div>\n<p data-sourcepos=\"3:1-3:208\">Chez Naturalthings.shop, nous sommes fiers de publier des critiques ind\u00e9pendantes de produits naturels qui donnent la priorit\u00e9 \u00e0 nos lecteurs. Le contenu de haute qualit\u00e9 sera toujours notre priorit\u00e9 absolue.<\/p>\n<p data-sourcepos=\"5:1-5:262\">Cela dit, lorsque vous achetez un produit via un lien sur notre site Web, nous gagnons une commission d&rsquo;affiliation. Il s&rsquo;agit d\u00e9sormais d&rsquo;une pratique courante dans les m\u00e9dias, utilis\u00e9e par de nombreux sites renomm\u00e9s, notamment Wirecutter, Gear Patrol et Wired.<\/p>\n<p data-sourcepos=\"7:1-7:638\">Voici comment cela fonctionne : lorsque vous cliquez sur un lien sur l&rsquo;une de nos pages qui renvoie vers un d\u00e9taillant affili\u00e9, l&rsquo;URL indique automatiquement que vous venez de Naturalthings.shop. Si vous achetez ce produit, nous pouvons gagner une petite commission qui nous aide \u00e0 financer notre travail. (Cela ne vous co\u00fbte pas plus cher &#8211; le prix est le m\u00eame que si vous vous rendiez directement sur le site.) Nos r\u00e9dacteurs choisissent soigneusement les produits auxquels nous renvoyons et les d\u00e9taillants qui les vendent (des soci\u00e9t\u00e9s de confiance comme AMAZON) pour vous offrir des prix comp\u00e9titifs et une exp\u00e9rience d&rsquo;achat fluide.<\/p>\n<p data-sourcepos=\"9:1-9:287\">Les liens d&rsquo;affiliation n&rsquo;influencent pas notre couverture \u00e9ditoriale, si ce n&rsquo;est pour vous faciliter la t\u00e2che, \u00e0 vous nos lecteurs, d&rsquo;obtenir le mat\u00e9riel que vous voulez \u00e0 un prix avantageux (bien que nous ne puissions garantir qu&rsquo;il s&rsquo;agira toujours de la meilleure offre disponible).<\/p>\n<p data-sourcepos=\"11:1-11:155\">Si un fabricant ou un d\u00e9taillant a pay\u00e9 pour un placement \u00e9ditorial sur notre site Web, cela est clairement indiqu\u00e9 par une \u00e9tiquette \u00ab\u00a0Contenu Sponsoris\u00e9\u00a0\u00bb.<\/p>\n<p data-sourcepos=\"13:1-13:298\">La r\u00e9putation que nous avons aupr\u00e8s de nos lecteurs est notre actif le plus pr\u00e9cieux. Nous continuerons \u00e0 examiner et \u00e0 discuter des produits de mani\u00e8re honn\u00eate et ind\u00e9pendante, avec un objectif simple : trouver et vous faire d\u00e9couvrir les tr\u00e9sors de la nature qui sont b\u00e9n\u00e9fiques pour votre sant\u00e9.<\/p>\n","protected":false},"excerpt":{"rendered":"<p>Chez Naturalthings.shop, nous sommes fiers de publier des critiques ind\u00e9pendantes de produits naturels qui donnent la priorit\u00e9 \u00e0 nos lecteurs. Le contenu de haute qualit\u00e9 sera toujours notre priorit\u00e9 absolue. Cela dit, lorsque vous achetez un produit via un lien sur notre site Web, nous gagnons une commission d&rsquo;affiliation. Il s&rsquo;agit d\u00e9sormais d&rsquo;une pratique courante [&#8230;]\n","protected":false},"author":1,"featured_media":0,"parent":0,"menu_order":0,"comment_status":"closed","ping_status":"closed","template":"","meta":{"footnotes":""},"class_list":["post-6235","page","type-page","status-publish","hentry"],"yoast_head":"<!-- This site is optimized with the Yoast SEO Premium plugin v22.9 (Yoast SEO v27.0) - https:\/\/yoast.com\/product\/yoast-seo-premium-wordpress\/ -->\n<title>D\u00c9CLARATION D&#039;AFFILIATION - NATURAL THINGS SHOP<\/title>\n<meta name=\"robots\" content=\"noindex, nofollow\" \/>\n<meta property=\"og:locale\" content=\"fr_FR\" \/>\n<meta property=\"og:type\" content=\"article\" \/>\n<meta property=\"og:title\" content=\"D\u00c9CLARATION D&#039;AFFILIATION\" \/>\n<meta property=\"og:description\" content=\"Chez Naturalthings.shop, nous sommes fiers de publier des critiques ind\u00e9pendantes de produits naturels qui donnent la priorit\u00e9 \u00e0 nos lecteurs. Le contenu de haute qualit\u00e9 sera toujours notre priorit\u00e9 absolue. Cela dit, lorsque vous achetez un produit via un lien sur notre site Web, nous gagnons une commission d&rsquo;affiliation. Il s&rsquo;agit d\u00e9sormais d&rsquo;une pratique courante [...]\" \/>\n<meta property=\"og:url\" content=\"https:\/\/naturalthings.shop\/fr\/declaration-daffiliation\/\" \/>\n<meta property=\"og:site_name\" content=\"NATURAL THINGS SHOP\" \/>\n<meta property=\"article:modified_time\" content=\"2024-03-20T11:31:23+00:00\" \/>\n<meta property=\"og:image\" content=\"https:\/\/naturalthings.shop\/wp-content\/uploads\/2023\/11\/LOGO-TSR-2-V3.png\" \/>\n\t<meta property=\"og:image:width\" content=\"920\" \/>\n\t<meta property=\"og:image:height\" content=\"829\" \/>\n\t<meta property=\"og:image:type\" content=\"image\/png\" \/>\n<meta name=\"twitter:card\" content=\"summary_large_image\" \/>\n<meta name=\"twitter:label1\" content=\"Dur\u00e9e de lecture estim\u00e9e\" \/>\n\t<meta name=\"twitter:data1\" content=\"2 minutes\" \/>\n<script type=\"application\/ld+json\" class=\"yoast-schema-graph\">{\"@context\":\"https:\/\/schema.org\",\"@graph\":[{\"@type\":\"WebPage\",\"@id\":\"https:\/\/naturalthings.shop\/fr\/declaration-daffiliation\/\",\"url\":\"https:\/\/naturalthings.shop\/fr\/declaration-daffiliation\/\",\"name\":\"D\u00c9CLARATION D'AFFILIATION - NATURAL THINGS SHOP\",\"isPartOf\":{\"@id\":\"https:\/\/naturalthings.shop\/#website\"},\"datePublished\":\"2024-01-16T13:33:40+00:00\",\"dateModified\":\"2024-03-20T11:31:23+00:00\",\"breadcrumb\":{\"@id\":\"https:\/\/naturalthings.shop\/fr\/declaration-daffiliation\/#breadcrumb\"},\"inLanguage\":\"fr-FR\",\"potentialAction\":[{\"@type\":\"ReadAction\",\"target\":[\"https:\/\/naturalthings.shop\/fr\/declaration-daffiliation\/\"]}]},{\"@type\":\"BreadcrumbList\",\"@id\":\"https:\/\/naturalthings.shop\/fr\/declaration-daffiliation\/#breadcrumb\",\"itemListElement\":[{\"@type\":\"ListItem\",\"position\":1,\"name\":\"Home\",\"item\":\"https:\/\/naturalthings.shop\/fr\/\"},{\"@type\":\"ListItem\",\"position\":2,\"name\":\"D\u00c9CLARATION D&#8217;AFFILIATION\"}]},{\"@type\":\"WebSite\",\"@id\":\"https:\/\/naturalthings.shop\/#website\",\"url\":\"https:\/\/naturalthings.shop\/\",\"name\":\"NATURAL THINGS SHOP\",\"description\":\"\",\"publisher\":{\"@id\":\"https:\/\/naturalthings.shop\/#organization\"},\"potentialAction\":[{\"@type\":\"SearchAction\",\"target\":{\"@type\":\"EntryPoint\",\"urlTemplate\":\"https:\/\/naturalthings.shop\/?s={search_term_string}\"},\"query-input\":{\"@type\":\"PropertyValueSpecification\",\"valueRequired\":true,\"valueName\":\"search_term_string\"}}],\"inLanguage\":\"fr-FR\"},{\"@type\":\"Organization\",\"@id\":\"https:\/\/naturalthings.shop\/#organization\",\"name\":\"NATURAL THINGS SHOP\",\"url\":\"https:\/\/naturalthings.shop\/\",\"logo\":{\"@type\":\"ImageObject\",\"inLanguage\":\"fr-FR\",\"@id\":\"https:\/\/naturalthings.shop\/#\/schema\/logo\/image\/\",\"url\":\"https:\/\/naturalthings.shop\/wp-content\/uploads\/2023\/11\/LOGO-TSR-2-V3.png\",\"contentUrl\":\"https:\/\/naturalthings.shop\/wp-content\/uploads\/2023\/11\/LOGO-TSR-2-V3.png\",\"width\":920,\"height\":829,\"caption\":\"NATURAL THINGS SHOP\"},\"image\":{\"@id\":\"https:\/\/naturalthings.shop\/#\/schema\/logo\/image\/\"}}]}<\/script>\n<!-- \/ Yoast SEO Premium plugin. -->","yoast_head_json":{"title":"D\u00c9CLARATION D'AFFILIATION - NATURAL THINGS SHOP","robots":{"index":"noindex","follow":"nofollow"},"og_locale":"fr_FR","og_type":"article","og_title":"D\u00c9CLARATION D'AFFILIATION","og_description":"Chez Naturalthings.shop, nous sommes fiers de publier des critiques ind\u00e9pendantes de produits naturels qui donnent la priorit\u00e9 \u00e0 nos lecteurs. Le contenu de haute qualit\u00e9 sera toujours notre priorit\u00e9 absolue. Cela dit, lorsque vous achetez un produit via un lien sur notre site Web, nous gagnons une commission d&rsquo;affiliation. Il s&rsquo;agit d\u00e9sormais d&rsquo;une pratique courante [...]","og_url":"https:\/\/naturalthings.shop\/fr\/declaration-daffiliation\/","og_site_name":"NATURAL THINGS SHOP","article_modified_time":"2024-03-20T11:31:23+00:00","og_image":[{"width":920,"height":829,"url":"https:\/\/naturalthings.shop\/wp-content\/uploads\/2023\/11\/LOGO-TSR-2-V3.png","type":"image\/png"}],"twitter_card":"summary_large_image","twitter_misc":{"Dur\u00e9e de lecture estim\u00e9e":"2 minutes"},"schema":{"@context":"https:\/\/schema.org","@graph":[{"@type":"WebPage","@id":"https:\/\/naturalthings.shop\/fr\/declaration-daffiliation\/","url":"https:\/\/naturalthings.shop\/fr\/declaration-daffiliation\/","name":"D\u00c9CLARATION D'AFFILIATION - NATURAL THINGS SHOP","isPartOf":{"@id":"https:\/\/naturalthings.shop\/#website"},"datePublished":"2024-01-16T13:33:40+00:00","dateModified":"2024-03-20T11:31:23+00:00","breadcrumb":{"@id":"https:\/\/naturalthings.shop\/fr\/declaration-daffiliation\/#breadcrumb"},"inLanguage":"fr-FR","potentialAction":[{"@type":"ReadAction","target":["https:\/\/naturalthings.shop\/fr\/declaration-daffiliation\/"]}]},{"@type":"BreadcrumbList","@id":"https:\/\/naturalthings.shop\/fr\/declaration-daffiliation\/#breadcrumb","itemListElement":[{"@type":"ListItem","position":1,"name":"Home","item":"https:\/\/naturalthings.shop\/fr\/"},{"@type":"ListItem","position":2,"name":"D\u00c9CLARATION D&#8217;AFFILIATION"}]},{"@type":"WebSite","@id":"https:\/\/naturalthings.shop\/#website","url":"https:\/\/naturalthings.shop\/","name":"NATURAL THINGS SHOP","description":"","publisher":{"@id":"https:\/\/naturalthings.shop\/#organization"},"potentialAction":[{"@type":"SearchAction","target":{"@type":"EntryPoint","urlTemplate":"https:\/\/naturalthings.shop\/?s={search_term_string}"},"query-input":{"@type":"PropertyValueSpecification","valueRequired":true,"valueName":"search_term_string"}}],"inLanguage":"fr-FR"},{"@type":"Organization","@id":"https:\/\/naturalthings.shop\/#organization","name":"NATURAL THINGS SHOP","url":"https:\/\/naturalthings.shop\/","logo":{"@type":"ImageObject","inLanguage":"fr-FR","@id":"https:\/\/naturalthings.shop\/#\/schema\/logo\/image\/","url":"https:\/\/naturalthings.shop\/wp-content\/uploads\/2023\/11\/LOGO-TSR-2-V3.png","contentUrl":"https:\/\/naturalthings.shop\/wp-content\/uploads\/2023\/11\/LOGO-TSR-2-V3.png","width":920,"height":829,"caption":"NATURAL THINGS SHOP"},"image":{"@id":"https:\/\/naturalthings.shop\/#\/schema\/logo\/image\/"}}]}},"_links":{"self":[{"href":"https:\/\/naturalthings.shop\/fr\/wp-json\/wp\/v2\/pages\/6235","targetHints":{"allow":["GET"]}}],"collection":[{"href":"https:\/\/naturalthings.shop\/fr\/wp-json\/wp\/v2\/pages"}],"about":[{"href":"https:\/\/naturalthings.shop\/fr\/wp-json\/wp\/v2\/types\/page"}],"author":[{"embeddable":true,"href":"https:\/\/naturalthings.shop\/fr\/wp-json\/wp\/v2\/users\/1"}],"replies":[{"embeddable":true,"href":"https:\/\/naturalthings.shop\/fr\/wp-json\/wp\/v2\/comments?post=6235"}],"version-history":[{"count":1,"href":"https:\/\/naturalthings.shop\/fr\/wp-json\/wp\/v2\/pages\/6235\/revisions"}],"predecessor-version":[{"id":6237,"href":"https:\/\/naturalthings.shop\/fr\/wp-json\/wp\/v2\/pages\/6235\/revisions\/6237"}],"wp:attachment":[{"href":"https:\/\/naturalthings.shop\/fr\/wp-json\/wp\/v2\/media?parent=6235"}],"curies":[{"name":"wp","href":"https:\/\/api.w.org\/{rel}","templated":true}]}}