{"id":7252,"date":"2024-09-17T10:05:38","date_gmt":"2024-09-17T09:05:38","guid":{"rendered":"https:\/\/naturalthings.shop\/?page_id=7252"},"modified":"2024-09-22T12:13:00","modified_gmt":"2024-09-22T11:13:00","slug":"natuerliche-gesunde-lebensmittel","status":"publish","type":"page","link":"https:\/\/naturalthings.shop\/de\/natuerliche-gesunde-lebensmittel\/","title":{"rendered":"NAT\u00dcRLICHE GESUNDE LEBENSMITTEL"},"content":{"rendered":"<div class=\"slider-wrapper relative\" id=\"slider-1182747281\" >\n    <div class=\"slider slider-nav-circle slider-nav-large slider-nav-light slider-style-normal\"\n        data-flickity-options='{\n            \"cellAlign\": \"center\",\n            \"imagesLoaded\": true,\n            \"lazyLoad\": 1,\n            \"freeScroll\": false,\n            \"wrapAround\": true,\n            \"autoPlay\": 6000,\n            \"pauseAutoPlayOnHover\" : true,\n            \"prevNextButtons\": true,\n            \"contain\" : true,\n            \"adaptiveHeight\" : true,\n            \"dragThreshold\" : 10,\n            \"percentPosition\": true,\n            \"pageDots\": true,\n            \"rightToLeft\": false,\n            \"draggable\": true,\n            \"selectedAttraction\": 0.1,\n            \"parallax\" : 0,\n            \"friction\": 0.6        }'\n        >\n        \n\n  <div class=\"banner has-hover\" id=\"banner-1115745105\">\n          <div class=\"banner-inner fill\">\n        <div class=\"banner-bg fill\" >\n            <img loading=\"lazy\" decoding=\"async\" width=\"1792\" height=\"1024\" src=\"https:\/\/naturalthings.shop\/wp-content\/uploads\/2024\/09\/healty-life.jpg\" class=\"bg attachment-original size-original\" alt=\"Natural healthy foods - NAT\u00dcRLICHE GESUNDE LEBENSMITTEL\" \/>                        <div class=\"overlay\"><\/div>            \n                    <\/div>\n\t\t\n        <div class=\"banner-layers container\">\n            <div class=\"fill banner-link\"><\/div>            \n   <div id=\"text-box-2072056704\" class=\"text-box banner-layer x50 md-x100 lg-x100 y100 md-y95 lg-y95 res-text\">\n                                <div class=\"text-box-content text dark\">\n              \n              <div class=\"text-inner text-center\">\n                  \n<p><span style=\"font-size: 80%;\">This image was produced with Dall-e 3 AI technology.<\/span><\/p>\n              <\/div>\n           <\/div>\n                            \n<style>\n#text-box-2072056704 {\n  width: 60%;\n}\n#text-box-2072056704 .text-box-content {\n  font-size: 100%;\n}\n@media (min-width:550px) {\n  #text-box-2072056704 {\n    width: 29%;\n  }\n}\n<\/style>\n    <\/div>\n \n        <\/div>\n      <\/div>\n\n            \n<style>\n#banner-1115745105 {\n  padding-top: 450px;\n}\n#banner-1115745105 .overlay {\n  background-color: rgba(0, 0, 0, 0.233);\n}\n#banner-1115745105 .banner-bg img {\n  object-position: 51% 55%;\n}\n<\/style>\n  <\/div>\n\n\n     <\/div>\n\n     <div class=\"loading-spin dark large centered\"><\/div>\n\n\t<\/div>\n\n\n\n\t<section class=\"section\" id=\"section_980764725\">\n\t\t<div class=\"section-bg fill\" >\n\t\t\t\t\t\t\t\t\t\n\t\t\t\n\n\t\t<\/div>\n\n\t\t\n\n\t\t<div class=\"section-content relative\">\n\t\t\t\n<div class=\"row\"  id=\"row-1882474556\">\n\n\t<div id=\"col-113232161\" class=\"col small-12 large-12\"  >\n\t\t\t\t<div class=\"col-inner\"  >\n\t\t\t\n\t\t\t\n<h1>Der Schl\u00fcssel zu einem gesunden Leben mit nat\u00fcrlichen Lebensmitteln<\/h1>\n<p>Nat\u00fcrliche, gesunde Lebensmittel sind unverarbeitete, chemiefreie und n\u00e4hrstoffreiche Lebensmittel. Dazu geh\u00f6ren frisches Obst und Gem\u00fcse, Vollkorn, H\u00fclsenfr\u00fcchte, nat\u00fcrliche \u00d6le und organische Proteinquellen. Nat\u00fcrliche Lebensmittel sind reich an Vitaminen, Mineralien, Ballaststoffen und Antioxidantien und liefern die lebenswichtigen N\u00e4hrstoffe, die der K\u00f6rper braucht. Im Vergleich zu verarbeiteten Lebensmitteln sind nat\u00fcrliche Lebensmittel viel nahrhafter, helfen, das Immunsystem zu st\u00e4rken, das Energieniveau zu erh\u00f6hen und sch\u00fctzen vor Krankheiten.<\/p>\n<p>Der regelm\u00e4\u00dfige Verzehr solcher Lebensmittel f\u00f6rdert nicht nur die k\u00f6rperliche Gesundheit, sondern steigert auch das geistige und emotionale Wohlbefinden. Studien zeigen, dass nat\u00fcrliche Lebensmittel die Gehirnfunktion verbessern und Stress abbauen. Indem Sie raffinierten Zucker und verarbeitete Fette vermeiden und sich f\u00fcr frische und biologische Produkte entscheiden, k\u00f6nnen Sie Ihr Gewicht besser kontrollieren, Ihre Verdauung verbessern und ein langes Leben f\u00fchren. Die Annahme nat\u00fcrlicher und gesunder Essgewohnheiten ist einer der Grundpfeiler eines ausgeglichenen Lebens.<\/p>\n<h2>Hier sind unsere Blogbeitr\u00e4ge zu diesem Thema:<\/h2>\n\n  \n    <div class=\"row large-columns-4 medium-columns-1 small-columns-1 row-small has-shadow row-box-shadow-2 row-box-shadow-1-hover\" >\n  <div class=\"col post-item\" >\n\t\t\t<div class=\"col-inner\">\n\t\t\t\t<div class=\"box box-normal box-text-bottom box-blog-post has-hover\">\n            \t\t\t\t\t<div class=\"box-image\" >\n  \t\t\t\t\t\t<div class=\"image-cover\" style=\"padding-top:100%;\">\n\t\t\t\t\t\t\t<a href=\"https:\/\/naturalthings.shop\/de\/die-kraft-der-gesunden-fette-omega-3-und-seine-auswirkungen-auf-unseren-koerper\/\" class=\"plain\" aria-label=\"Die Kraft der gesunden Fette: Omega-3 und seine Auswirkungen auf unseren K\u00f6rper\">\n\t\t\t\t\t\t\t\t<img loading=\"lazy\" decoding=\"async\" width=\"1792\" height=\"1024\" src=\"https:\/\/naturalthings.shop\/wp-content\/uploads\/2024\/09\/healty-fats.jpg\" class=\"attachment-original size-original wp-post-image\" alt=\"Healthy Fats Omega-3 - Transfette - butter\" srcset=\"https:\/\/naturalthings.shop\/wp-content\/uploads\/2024\/09\/healty-fats.jpg 1792w, https:\/\/naturalthings.shop\/wp-content\/uploads\/2024\/09\/healty-fats-300x171.jpg 300w, https:\/\/naturalthings.shop\/wp-content\/uploads\/2024\/09\/healty-fats-1024x585.jpg 1024w, https:\/\/naturalthings.shop\/wp-content\/uploads\/2024\/09\/healty-fats-768x439.jpg 768w, https:\/\/naturalthings.shop\/wp-content\/uploads\/2024\/09\/healty-fats-1536x878.jpg 1536w, https:\/\/naturalthings.shop\/wp-content\/uploads\/2024\/09\/healty-fats-510x291.jpg 510w\" sizes=\"auto, (max-width: 1792px) 100vw, 1792px\" \/>\t\t\t\t\t\t\t<\/a>\n  \t\t\t\t\t\t\t  \t\t\t\t\t\t\t  \t\t\t\t\t\t<\/div>\n  \t\t\t\t\t\t  \t\t\t\t\t<\/div>\n          \t\t\t\t\t<div class=\"box-text text-left\" >\n\t\t\t\t\t<div class=\"box-text-inner blog-post-inner\">\n\n\t\t\t\t\t\n\t\t\t\t\t\t\t\t\t\t\t<p class=\"cat-label tag-label is-xxsmall op-7 uppercase\">\n\t\t\t\t\tNAT\u00dcRLICH GESUNDES LEBEN NAT\u00dcRLICHE GESUNDE LEBENSMITTEL \t\t\t\t\t<\/p>\n\t\t\t\t\t\t\t\t\t\t<h5 class=\"post-title is-large uppercase\">\n\t\t\t\t\t\t<a href=\"https:\/\/naturalthings.shop\/de\/die-kraft-der-gesunden-fette-omega-3-und-seine-auswirkungen-auf-unseren-koerper\/\" class=\"plain\">Die Kraft der gesunden Fette: Omega-3 und seine Auswirkungen auf unseren K\u00f6rper<\/a>\n\t\t\t\t\t<\/h5>\n\t\t\t\t\t\t\t\t\t\t<div class=\"is-divider\"><\/div>\n\t\t\t\t\t\t\t\t\t\t<p class=\"from_the_blog_excerpt \">\n\t\t\t\t\t\tDie Kraft der gesunden Fette: Omega-3 und seine Auswirkungen auf unseren K\u00f6rper In diesem Artikel werden wir er\u00f6rtern, was gesunde Fette sind, was Omega-3, [...]\t\t\t\t\t<\/p>\n\t\t\t\t\t                    \n\t\t\t\t\t\n\t\t\t\t\t\n\t\t\t\t\t<\/div>\n\t\t\t\t\t<\/div>\n\t\t\t\t\t\t\t\t\t<\/div>\n\t\t\t<\/div>\n\t\t<\/div><div class=\"col post-item\" >\n\t\t\t<div class=\"col-inner\">\n\t\t\t\t<div class=\"box box-normal box-text-bottom box-blog-post has-hover\">\n            \t\t\t\t\t<div class=\"box-image\" >\n  \t\t\t\t\t\t<div class=\"image-cover\" style=\"padding-top:100%;\">\n\t\t\t\t\t\t\t<a href=\"https:\/\/naturalthings.shop\/de\/gesundheitswirkungen-von-eiern-die-vorteile-von-natuerlichen-und-frischen-eiern\/\" class=\"plain\" aria-label=\"Gesundheitswirkungen von Eiern: Die Vorteile von nat\u00fcrlichen und frischen Eiern\">\n\t\t\t\t\t\t\t\t<img loading=\"lazy\" decoding=\"async\" width=\"1792\" height=\"1024\" src=\"https:\/\/naturalthings.shop\/wp-content\/uploads\/2024\/09\/eggs.jpg\" class=\"attachment-original size-original wp-post-image\" alt=\"Benefits of Eggs - Vorteile von Eiern\" srcset=\"https:\/\/naturalthings.shop\/wp-content\/uploads\/2024\/09\/eggs.jpg 1792w, https:\/\/naturalthings.shop\/wp-content\/uploads\/2024\/09\/eggs-300x171.jpg 300w, https:\/\/naturalthings.shop\/wp-content\/uploads\/2024\/09\/eggs-1024x585.jpg 1024w, https:\/\/naturalthings.shop\/wp-content\/uploads\/2024\/09\/eggs-768x439.jpg 768w, https:\/\/naturalthings.shop\/wp-content\/uploads\/2024\/09\/eggs-1536x878.jpg 1536w, https:\/\/naturalthings.shop\/wp-content\/uploads\/2024\/09\/eggs-510x291.jpg 510w\" sizes=\"auto, (max-width: 1792px) 100vw, 1792px\" \/>\t\t\t\t\t\t\t<\/a>\n  \t\t\t\t\t\t\t  \t\t\t\t\t\t\t  \t\t\t\t\t\t<\/div>\n  \t\t\t\t\t\t  \t\t\t\t\t<\/div>\n          \t\t\t\t\t<div class=\"box-text text-left\" >\n\t\t\t\t\t<div class=\"box-text-inner blog-post-inner\">\n\n\t\t\t\t\t\n\t\t\t\t\t\t\t\t\t\t\t<p class=\"cat-label tag-label is-xxsmall op-7 uppercase\">\n\t\t\t\t\tNAT\u00dcRLICH GESUNDES LEBEN NAT\u00dcRLICHE GESUNDE LEBENSMITTEL \t\t\t\t\t<\/p>\n\t\t\t\t\t\t\t\t\t\t<h5 class=\"post-title is-large uppercase\">\n\t\t\t\t\t\t<a href=\"https:\/\/naturalthings.shop\/de\/gesundheitswirkungen-von-eiern-die-vorteile-von-natuerlichen-und-frischen-eiern\/\" class=\"plain\">Gesundheitswirkungen von Eiern: Die Vorteile von nat\u00fcrlichen und frischen Eiern<\/a>\n\t\t\t\t\t<\/h5>\n\t\t\t\t\t\t\t\t\t\t<div class=\"is-divider\"><\/div>\n\t\t\t\t\t\t\t\t\t\t<p class=\"from_the_blog_excerpt \">\n\t\t\t\t\t\tGesundheitswirkungen von Eiern: Die Vorteile von nat\u00fcrlichen und frischen Eiern In diesem Artikel werden wir die Ansichten von Aidin Salih und Canan Karatay zu [...]\t\t\t\t\t<\/p>\n\t\t\t\t\t                    \n\t\t\t\t\t\n\t\t\t\t\t\n\t\t\t\t\t<\/div>\n\t\t\t\t\t<\/div>\n\t\t\t\t\t\t\t\t\t<\/div>\n\t\t\t<\/div>\n\t\t<\/div><div class=\"col post-item\" >\n\t\t\t<div class=\"col-inner\">\n\t\t\t\t<div class=\"box box-normal box-text-bottom box-blog-post has-hover\">\n            \t\t\t\t\t<div class=\"box-image\" >\n  \t\t\t\t\t\t<div class=\"image-cover\" style=\"padding-top:100%;\">\n\t\t\t\t\t\t\t<a href=\"https:\/\/naturalthings.shop\/de\/the-benefits-risks-and-proper-consumption-methods-of-milk-and-dairy-products\/\" class=\"plain\" aria-label=\"Die Vorteile, Risiken und richtigen Konsummethoden von Milch und Milchprodukten\">\n\t\t\t\t\t\t\t\t<img loading=\"lazy\" decoding=\"async\" width=\"1792\" height=\"1024\" src=\"https:\/\/naturalthings.shop\/wp-content\/uploads\/2024\/09\/milk-butter-cheese-2.jpg\" class=\"attachment-original size-original wp-post-image\" alt=\"Benefits and risks of milk -Vorteile und Risiken von Milch\" srcset=\"https:\/\/naturalthings.shop\/wp-content\/uploads\/2024\/09\/milk-butter-cheese-2.jpg 1792w, https:\/\/naturalthings.shop\/wp-content\/uploads\/2024\/09\/milk-butter-cheese-2-300x171.jpg 300w, https:\/\/naturalthings.shop\/wp-content\/uploads\/2024\/09\/milk-butter-cheese-2-1024x585.jpg 1024w, https:\/\/naturalthings.shop\/wp-content\/uploads\/2024\/09\/milk-butter-cheese-2-768x439.jpg 768w, https:\/\/naturalthings.shop\/wp-content\/uploads\/2024\/09\/milk-butter-cheese-2-1536x878.jpg 1536w, https:\/\/naturalthings.shop\/wp-content\/uploads\/2024\/09\/milk-butter-cheese-2-510x291.jpg 510w\" sizes=\"auto, (max-width: 1792px) 100vw, 1792px\" \/>\t\t\t\t\t\t\t<\/a>\n  \t\t\t\t\t\t\t  \t\t\t\t\t\t\t  \t\t\t\t\t\t<\/div>\n  \t\t\t\t\t\t  \t\t\t\t\t<\/div>\n          \t\t\t\t\t<div class=\"box-text text-left\" >\n\t\t\t\t\t<div class=\"box-text-inner blog-post-inner\">\n\n\t\t\t\t\t\n\t\t\t\t\t\t\t\t\t\t\t<p class=\"cat-label tag-label is-xxsmall op-7 uppercase\">\n\t\t\t\t\tNAT\u00dcRLICH GESUNDES LEBEN NAT\u00dcRLICHE GESUNDE LEBENSMITTEL \t\t\t\t\t<\/p>\n\t\t\t\t\t\t\t\t\t\t<h5 class=\"post-title is-large uppercase\">\n\t\t\t\t\t\t<a href=\"https:\/\/naturalthings.shop\/de\/the-benefits-risks-and-proper-consumption-methods-of-milk-and-dairy-products\/\" class=\"plain\">Die Vorteile, Risiken und richtigen Konsummethoden von Milch und Milchprodukten<\/a>\n\t\t\t\t\t<\/h5>\n\t\t\t\t\t\t\t\t\t\t<div class=\"is-divider\"><\/div>\n\t\t\t\t\t\t\t\t\t\t<p class=\"from_the_blog_excerpt \">\n\t\t\t\t\t\tMilch und Milchprodukte: Vorteile, Risiken und richtige Konsummethoden In diesem Artikel pr\u00e4sentieren wir die Ansichten von Aidin Salih, einer ukrainischen \u00c4rztin und Expertin f\u00fcr [...]\t\t\t\t\t<\/p>\n\t\t\t\t\t                    \n\t\t\t\t\t\n\t\t\t\t\t\n\t\t\t\t\t<\/div>\n\t\t\t\t\t<\/div>\n\t\t\t\t\t\t\t\t\t<\/div>\n\t\t\t<\/div>\n\t\t<\/div><div class=\"col post-item\" >\n\t\t\t<div class=\"col-inner\">\n\t\t\t\t<div class=\"box box-normal box-text-bottom box-blog-post has-hover\">\n            \t\t\t\t\t<div class=\"box-image\" >\n  \t\t\t\t\t\t<div class=\"image-cover\" style=\"padding-top:100%;\">\n\t\t\t\t\t\t\t<a href=\"https:\/\/naturalthings.shop\/de\/entdecken-sie-die-gesundheitlichen-vorteile-von-honig-pollen-gelee-royale-und-propolis\/\" class=\"plain\" aria-label=\"Entdecken Sie die gesundheitlichen Vorteile von Honig, Pollen, Gelee Royale und Propolis\">\n\t\t\t\t\t\t\t\t<img loading=\"lazy\" decoding=\"async\" width=\"1024\" height=\"1024\" src=\"https:\/\/naturalthings.shop\/wp-content\/uploads\/2024\/08\/honey-royal-jelly-propolis-pollen.jpg\" class=\"attachment-original size-original wp-post-image\" alt=\"honey - propolis - royal jelly - honig - gelee royal - pollen\" srcset=\"https:\/\/naturalthings.shop\/wp-content\/uploads\/2024\/08\/honey-royal-jelly-propolis-pollen.jpg 1024w, https:\/\/naturalthings.shop\/wp-content\/uploads\/2024\/08\/honey-royal-jelly-propolis-pollen-300x300.jpg 300w, https:\/\/naturalthings.shop\/wp-content\/uploads\/2024\/08\/honey-royal-jelly-propolis-pollen-150x150.jpg 150w, https:\/\/naturalthings.shop\/wp-content\/uploads\/2024\/08\/honey-royal-jelly-propolis-pollen-768x768.jpg 768w, https:\/\/naturalthings.shop\/wp-content\/uploads\/2024\/08\/honey-royal-jelly-propolis-pollen-247x247.jpg 247w, https:\/\/naturalthings.shop\/wp-content\/uploads\/2024\/08\/honey-royal-jelly-propolis-pollen-510x510.jpg 510w, https:\/\/naturalthings.shop\/wp-content\/uploads\/2024\/08\/honey-royal-jelly-propolis-pollen-100x100.jpg 100w\" sizes=\"auto, (max-width: 1024px) 100vw, 1024px\" \/>\t\t\t\t\t\t\t<\/a>\n  \t\t\t\t\t\t\t  \t\t\t\t\t\t\t  \t\t\t\t\t\t<\/div>\n  \t\t\t\t\t\t  \t\t\t\t\t<\/div>\n          \t\t\t\t\t<div class=\"box-text text-left\" >\n\t\t\t\t\t<div class=\"box-text-inner blog-post-inner\">\n\n\t\t\t\t\t\n\t\t\t\t\t\t\t\t\t\t\t<p class=\"cat-label tag-label is-xxsmall op-7 uppercase\">\n\t\t\t\t\tNAT\u00dcRLICH GESUNDES LEBEN NAT\u00dcRLICHE GESUNDE LEBENSMITTEL \t\t\t\t\t<\/p>\n\t\t\t\t\t\t\t\t\t\t<h5 class=\"post-title is-large uppercase\">\n\t\t\t\t\t\t<a href=\"https:\/\/naturalthings.shop\/de\/entdecken-sie-die-gesundheitlichen-vorteile-von-honig-pollen-gelee-royale-und-propolis\/\" class=\"plain\">Entdecken Sie die gesundheitlichen Vorteile von Honig, Pollen, Gelee Royale und Propolis<\/a>\n\t\t\t\t\t<\/h5>\n\t\t\t\t\t\t\t\t\t\t<div class=\"is-divider\"><\/div>\n\t\t\t\t\t\t\t\t\t\t<p class=\"from_the_blog_excerpt \">\n\t\t\t\t\t\tWie Honig und Bienenprodukte Ihre Gesundheit verbessern k\u00f6nnen: Ein Expertenleitfaden Dieser Artikel wird sich mit Honig, Gelee Royale, Propolis und Pollen befassen. Wir werden [...]\t\t\t\t\t<\/p>\n\t\t\t\t\t                    \n\t\t\t\t\t\n\t\t\t\t\t\n\t\t\t\t\t<\/div>\n\t\t\t\t\t<\/div>\n\t\t\t\t\t\t\t\t\t<\/div>\n\t\t\t<\/div>\n\t\t<\/div><\/div>\n\t\t<\/div>\n\t\t\t\t\t<\/div>\n\n\t\n<\/div>\n\t\t<\/div>\n\n\t\t\n<style>\n#section_980764725 {\n  padding-top: 30px;\n  padding-bottom: 30px;\n}\n<\/style>\n\t<\/section>\n\t\n","protected":false},"excerpt":{"rendered":"","protected":false},"author":1,"featured_media":7165,"parent":0,"menu_order":0,"comment_status":"closed","ping_status":"closed","template":"page-blank.php","meta":{"footnotes":""},"class_list":["post-7252","page","type-page","status-publish","has-post-thumbnail","hentry"],"yoast_head":"<!-- This site is optimized with the Yoast SEO Premium plugin v22.9 (Yoast SEO v27.0) - https:\/\/yoast.com\/product\/yoast-seo-premium-wordpress\/ -->\n<title>NAT\u00dcRLICHE GESUNDE LEBENSMITTEL<\/title>\n<meta name=\"description\" content=\"Nat\u00fcrliche, gesunde Lebensmittel sind unverarbeitete, chemiefreie und n\u00e4hrstoffreiche Lebensmittel. Dazu geh\u00f6ren frisches Obst und Gem\u00fcse ...\" \/>\n<meta name=\"robots\" content=\"index, follow, max-snippet:-1, max-image-preview:large, max-video-preview:-1\" \/>\n<link rel=\"canonical\" href=\"https:\/\/naturalthings.shop\/de\/natuerliche-gesunde-lebensmittel\/\" \/>\n<meta property=\"og:locale\" content=\"de_DE\" \/>\n<meta property=\"og:type\" content=\"article\" \/>\n<meta property=\"og:title\" content=\"NAT\u00dcRLICHE GESUNDE LEBENSMITTEL\" \/>\n<meta property=\"og:description\" content=\"Nat\u00fcrliche, gesunde Lebensmittel sind unverarbeitete, chemiefreie und n\u00e4hrstoffreiche Lebensmittel. Dazu geh\u00f6ren frisches Obst und Gem\u00fcse ...\" \/>\n<meta property=\"og:url\" content=\"https:\/\/naturalthings.shop\/de\/natuerliche-gesunde-lebensmittel\/\" \/>\n<meta property=\"og:site_name\" content=\"NATURAL THINGS SHOP\" \/>\n<meta property=\"article:modified_time\" content=\"2024-09-22T11:13:00+00:00\" \/>\n<meta property=\"og:image\" content=\"https:\/\/naturalthings.shop\/wp-content\/uploads\/2024\/09\/healty-life.jpg\" \/>\n\t<meta property=\"og:image:width\" content=\"1792\" \/>\n\t<meta property=\"og:image:height\" content=\"1024\" \/>\n\t<meta property=\"og:image:type\" content=\"image\/jpeg\" \/>\n<meta name=\"twitter:card\" content=\"summary_large_image\" \/>\n<meta name=\"twitter:label1\" content=\"Gesch\u00e4tzte Lesezeit\" \/>\n\t<meta name=\"twitter:data1\" content=\"2\u00a0Minuten\" \/>\n<script type=\"application\/ld+json\" class=\"yoast-schema-graph\">{\"@context\":\"https:\/\/schema.org\",\"@graph\":[{\"@type\":\"WebPage\",\"@id\":\"https:\/\/naturalthings.shop\/de\/natuerliche-gesunde-lebensmittel\/\",\"url\":\"https:\/\/naturalthings.shop\/de\/natuerliche-gesunde-lebensmittel\/\",\"name\":\"NAT\u00dcRLICHE GESUNDE LEBENSMITTEL\",\"isPartOf\":{\"@id\":\"https:\/\/naturalthings.shop\/#website\"},\"primaryImageOfPage\":{\"@id\":\"https:\/\/naturalthings.shop\/de\/natuerliche-gesunde-lebensmittel\/#primaryimage\"},\"image\":{\"@id\":\"https:\/\/naturalthings.shop\/de\/natuerliche-gesunde-lebensmittel\/#primaryimage\"},\"thumbnailUrl\":\"https:\/\/naturalthings.shop\/wp-content\/uploads\/2024\/09\/healty-life.jpg\",\"datePublished\":\"2024-09-17T09:05:38+00:00\",\"dateModified\":\"2024-09-22T11:13:00+00:00\",\"description\":\"Nat\u00fcrliche, gesunde Lebensmittel sind unverarbeitete, chemiefreie und n\u00e4hrstoffreiche Lebensmittel. Dazu geh\u00f6ren frisches Obst und Gem\u00fcse ...\",\"breadcrumb\":{\"@id\":\"https:\/\/naturalthings.shop\/de\/natuerliche-gesunde-lebensmittel\/#breadcrumb\"},\"inLanguage\":\"de\",\"potentialAction\":[{\"@type\":\"ReadAction\",\"target\":[\"https:\/\/naturalthings.shop\/de\/natuerliche-gesunde-lebensmittel\/\"]}]},{\"@type\":\"ImageObject\",\"inLanguage\":\"de\",\"@id\":\"https:\/\/naturalthings.shop\/de\/natuerliche-gesunde-lebensmittel\/#primaryimage\",\"url\":\"https:\/\/naturalthings.shop\/wp-content\/uploads\/2024\/09\/healty-life.jpg\",\"contentUrl\":\"https:\/\/naturalthings.shop\/wp-content\/uploads\/2024\/09\/healty-life.jpg\",\"width\":1792,\"height\":1024,\"caption\":\"Natural healthy foods - NAT\u00dcRLICHE GESUNDE LEBENSMITTEL\"},{\"@type\":\"BreadcrumbList\",\"@id\":\"https:\/\/naturalthings.shop\/de\/natuerliche-gesunde-lebensmittel\/#breadcrumb\",\"itemListElement\":[{\"@type\":\"ListItem\",\"position\":1,\"name\":\"Home\",\"item\":\"https:\/\/naturalthings.shop\/de\/\"},{\"@type\":\"ListItem\",\"position\":2,\"name\":\"NAT\u00dcRLICHE GESUNDE LEBENSMITTEL\"}]},{\"@type\":\"WebSite\",\"@id\":\"https:\/\/naturalthings.shop\/#website\",\"url\":\"https:\/\/naturalthings.shop\/\",\"name\":\"NATURAL THINGS SHOP\",\"description\":\"\",\"publisher\":{\"@id\":\"https:\/\/naturalthings.shop\/#organization\"},\"potentialAction\":[{\"@type\":\"SearchAction\",\"target\":{\"@type\":\"EntryPoint\",\"urlTemplate\":\"https:\/\/naturalthings.shop\/?s={search_term_string}\"},\"query-input\":{\"@type\":\"PropertyValueSpecification\",\"valueRequired\":true,\"valueName\":\"search_term_string\"}}],\"inLanguage\":\"de\"},{\"@type\":\"Organization\",\"@id\":\"https:\/\/naturalthings.shop\/#organization\",\"name\":\"NATURAL THINGS SHOP\",\"url\":\"https:\/\/naturalthings.shop\/\",\"logo\":{\"@type\":\"ImageObject\",\"inLanguage\":\"de\",\"@id\":\"https:\/\/naturalthings.shop\/#\/schema\/logo\/image\/\",\"url\":\"https:\/\/naturalthings.shop\/wp-content\/uploads\/2023\/11\/LOGO-TSR-2-V3.png\",\"contentUrl\":\"https:\/\/naturalthings.shop\/wp-content\/uploads\/2023\/11\/LOGO-TSR-2-V3.png\",\"width\":920,\"height\":829,\"caption\":\"NATURAL THINGS SHOP\"},\"image\":{\"@id\":\"https:\/\/naturalthings.shop\/#\/schema\/logo\/image\/\"}}]}<\/script>\n<!-- \/ Yoast SEO Premium plugin. -->","yoast_head_json":{"title":"NAT\u00dcRLICHE GESUNDE LEBENSMITTEL","description":"Nat\u00fcrliche, gesunde Lebensmittel sind unverarbeitete, chemiefreie und n\u00e4hrstoffreiche Lebensmittel. Dazu geh\u00f6ren frisches Obst und Gem\u00fcse ...","robots":{"index":"index","follow":"follow","max-snippet":"max-snippet:-1","max-image-preview":"max-image-preview:large","max-video-preview":"max-video-preview:-1"},"canonical":"https:\/\/naturalthings.shop\/de\/natuerliche-gesunde-lebensmittel\/","og_locale":"de_DE","og_type":"article","og_title":"NAT\u00dcRLICHE GESUNDE LEBENSMITTEL","og_description":"Nat\u00fcrliche, gesunde Lebensmittel sind unverarbeitete, chemiefreie und n\u00e4hrstoffreiche Lebensmittel. Dazu geh\u00f6ren frisches Obst und Gem\u00fcse ...","og_url":"https:\/\/naturalthings.shop\/de\/natuerliche-gesunde-lebensmittel\/","og_site_name":"NATURAL THINGS SHOP","article_modified_time":"2024-09-22T11:13:00+00:00","og_image":[{"width":1792,"height":1024,"url":"https:\/\/naturalthings.shop\/wp-content\/uploads\/2024\/09\/healty-life.jpg","type":"image\/jpeg"}],"twitter_card":"summary_large_image","twitter_misc":{"Gesch\u00e4tzte Lesezeit":"2\u00a0Minuten"},"schema":{"@context":"https:\/\/schema.org","@graph":[{"@type":"WebPage","@id":"https:\/\/naturalthings.shop\/de\/natuerliche-gesunde-lebensmittel\/","url":"https:\/\/naturalthings.shop\/de\/natuerliche-gesunde-lebensmittel\/","name":"NAT\u00dcRLICHE GESUNDE LEBENSMITTEL","isPartOf":{"@id":"https:\/\/naturalthings.shop\/#website"},"primaryImageOfPage":{"@id":"https:\/\/naturalthings.shop\/de\/natuerliche-gesunde-lebensmittel\/#primaryimage"},"image":{"@id":"https:\/\/naturalthings.shop\/de\/natuerliche-gesunde-lebensmittel\/#primaryimage"},"thumbnailUrl":"https:\/\/naturalthings.shop\/wp-content\/uploads\/2024\/09\/healty-life.jpg","datePublished":"2024-09-17T09:05:38+00:00","dateModified":"2024-09-22T11:13:00+00:00","description":"Nat\u00fcrliche, gesunde Lebensmittel sind unverarbeitete, chemiefreie und n\u00e4hrstoffreiche Lebensmittel. Dazu geh\u00f6ren frisches Obst und Gem\u00fcse ...","breadcrumb":{"@id":"https:\/\/naturalthings.shop\/de\/natuerliche-gesunde-lebensmittel\/#breadcrumb"},"inLanguage":"de","potentialAction":[{"@type":"ReadAction","target":["https:\/\/naturalthings.shop\/de\/natuerliche-gesunde-lebensmittel\/"]}]},{"@type":"ImageObject","inLanguage":"de","@id":"https:\/\/naturalthings.shop\/de\/natuerliche-gesunde-lebensmittel\/#primaryimage","url":"https:\/\/naturalthings.shop\/wp-content\/uploads\/2024\/09\/healty-life.jpg","contentUrl":"https:\/\/naturalthings.shop\/wp-content\/uploads\/2024\/09\/healty-life.jpg","width":1792,"height":1024,"caption":"Natural healthy foods - NAT\u00dcRLICHE GESUNDE LEBENSMITTEL"},{"@type":"BreadcrumbList","@id":"https:\/\/naturalthings.shop\/de\/natuerliche-gesunde-lebensmittel\/#breadcrumb","itemListElement":[{"@type":"ListItem","position":1,"name":"Home","item":"https:\/\/naturalthings.shop\/de\/"},{"@type":"ListItem","position":2,"name":"NAT\u00dcRLICHE GESUNDE LEBENSMITTEL"}]},{"@type":"WebSite","@id":"https:\/\/naturalthings.shop\/#website","url":"https:\/\/naturalthings.shop\/","name":"NATURAL THINGS SHOP","description":"","publisher":{"@id":"https:\/\/naturalthings.shop\/#organization"},"potentialAction":[{"@type":"SearchAction","target":{"@type":"EntryPoint","urlTemplate":"https:\/\/naturalthings.shop\/?s={search_term_string}"},"query-input":{"@type":"PropertyValueSpecification","valueRequired":true,"valueName":"search_term_string"}}],"inLanguage":"de"},{"@type":"Organization","@id":"https:\/\/naturalthings.shop\/#organization","name":"NATURAL THINGS SHOP","url":"https:\/\/naturalthings.shop\/","logo":{"@type":"ImageObject","inLanguage":"de","@id":"https:\/\/naturalthings.shop\/#\/schema\/logo\/image\/","url":"https:\/\/naturalthings.shop\/wp-content\/uploads\/2023\/11\/LOGO-TSR-2-V3.png","contentUrl":"https:\/\/naturalthings.shop\/wp-content\/uploads\/2023\/11\/LOGO-TSR-2-V3.png","width":920,"height":829,"caption":"NATURAL THINGS SHOP"},"image":{"@id":"https:\/\/naturalthings.shop\/#\/schema\/logo\/image\/"}}]}},"_links":{"self":[{"href":"https:\/\/naturalthings.shop\/de\/wp-json\/wp\/v2\/pages\/7252","targetHints":{"allow":["GET"]}}],"collection":[{"href":"https:\/\/naturalthings.shop\/de\/wp-json\/wp\/v2\/pages"}],"about":[{"href":"https:\/\/naturalthings.shop\/de\/wp-json\/wp\/v2\/types\/page"}],"author":[{"embeddable":true,"href":"https:\/\/naturalthings.shop\/de\/wp-json\/wp\/v2\/users\/1"}],"replies":[{"embeddable":true,"href":"https:\/\/naturalthings.shop\/de\/wp-json\/wp\/v2\/comments?post=7252"}],"version-history":[{"count":4,"href":"https:\/\/naturalthings.shop\/de\/wp-json\/wp\/v2\/pages\/7252\/revisions"}],"predecessor-version":[{"id":7256,"href":"https:\/\/naturalthings.shop\/de\/wp-json\/wp\/v2\/pages\/7252\/revisions\/7256"}],"wp:featuredmedia":[{"embeddable":true,"href":"https:\/\/naturalthings.shop\/de\/wp-json\/wp\/v2\/media\/7165"}],"wp:attachment":[{"href":"https:\/\/naturalthings.shop\/de\/wp-json\/wp\/v2\/media?parent=7252"}],"curies":[{"name":"wp","href":"https:\/\/api.w.org\/{rel}","templated":true}]}}