{"id":6258,"date":"2024-01-16T14:11:05","date_gmt":"2024-01-16T14:11:05","guid":{"rendered":"https:\/\/naturalthings.shop\/?page_id=6258"},"modified":"2024-03-20T11:40:21","modified_gmt":"2024-03-20T11:40:21","slug":"nutzungsbedingungen-2","status":"publish","type":"page","link":"https:\/\/naturalthings.shop\/de\/nutzungsbedingungen-2\/","title":{"rendered":"NUTZUNGSBEDINGUNGEN"},"content":{"rendered":"<h1><span class=\"ez-toc-section\" id=\"NUTZUNGSBEDINGUNGEN\"><\/span>NUTZUNGSBEDINGUNGEN<span class=\"ez-toc-section-end\"><\/span><\/h1>\n<p>Zuletzt aktualisiert am: 16. Januar 2024<\/p>\n<p>Bitte lesen Sie diese Nutzungsbedingungen sorgf\u00e4ltig durch, bevor Sie die Website https:\/\/naturalthings.shop nutzen, die von NATURAL THINGS SHOP betrieben wird.<\/p>\n<p>Ihr Zugriff auf und Ihre Nutzung des Dienstes unterliegen Ihrer Zustimmung zu und Einhaltung dieser Bedingungen. Diese Bedingungen gelten f\u00fcr alle Besucher, Benutzer und andere Personen, die auf den Dienst zugreifen oder ihn nutzen.<\/p>\n<p>Durch den Zugriff oder die Nutzung des Dienstes erkl\u00e4ren Sie sich mit diesen Bedingungen einverstanden. Wenn Sie mit einem Teil der Bedingungen nicht einverstanden sind, d\u00fcrfen Sie nicht auf den Dienst zugreifen.<\/p>\n<h2><span class=\"ez-toc-section\" id=\"Konten\"><\/span>Konten<span class=\"ez-toc-section-end\"><\/span><\/h2>\n<p>Wenn Sie ein Konto bei uns erstellen, m\u00fcssen Sie uns st\u00e4ndig korrekte, vollst\u00e4ndige und aktuelle Informationen zur Verf\u00fcgung stellen. Ein Versto\u00df dagegen stellt einen Versto\u00df gegen die Bedingungen dar, der zur sofortigen K\u00fcndigung Ihres Kontos auf unserem Dienst f\u00fchren kann.<\/p>\n<p>Sie sind daf\u00fcr verantwortlich, das Passwort, das Sie zum Zugriff auf den Dienst verwenden, zu sch\u00fctzen, und f\u00fcr alle Aktivit\u00e4ten oder Aktionen unter Ihrem Passwort, unabh\u00e4ngig davon, ob Ihr Passwort mit unserem Dienst oder einem Dienst eines Drittanbieters verwendet wird.<\/p>\n<p>Sie stimmen zu, Ihr Passwort keinem Dritten offenzulegen. Sie m\u00fcssen uns sofort benachrichtigen, wenn Sie Kenntnis von einem Sicherheitsversto\u00df oder einer unbefugten Nutzung Ihres Kontos erlangen.<\/p>\n<h2><span class=\"ez-toc-section\" id=\"Geistiges_Eigentum\"><\/span>Geistiges Eigentum<span class=\"ez-toc-section-end\"><\/span><\/h2>\n<p>Der Dienst und dessen originale Inhalte, Funktionen und Funktionalit\u00e4ten sind und bleiben das ausschlie\u00dfliche Eigentum von NATURAL THINGS SHOP und seinen Lizenzgebern.<\/p>\n<h2><span class=\"ez-toc-section\" id=\"Links_zu_anderen_Websites\"><\/span>Links zu anderen Websites<span class=\"ez-toc-section-end\"><\/span><\/h2>\n<p>Unser Dienst kann Links zu Websites oder Diensten Dritter enthalten, die nicht im Besitz von NATURAL THINGS SHOP sind oder von ihm kontrolliert werden.<\/p>\n<p>NATURAL THINGS SHOP hat keine Kontrolle \u00fcber den Inhalt, die Datenschutzrichtlinien oder die Praktiken von Websites oder Diensten Dritter. Sie erkennen weiterhin an und stimmen zu, dass [wpautoterms company_name] nicht f\u00fcr den Inhalt, die Waren oder Dienstleistungen verantwortlich ist oder haftet, die auf oder durch solche Websites oder Dienste verf\u00fcgbar sind, und keine Sch\u00e4den oder Verluste verursacht oder angeblich verursacht werden durch oder im Zusammenhang mit der Nutzung oder dem Vertrauen auf solche Inhalte, Waren oder Dienstleistungen.<\/p>\n<p>Wir empfehlen Ihnen dringend, die Nutzungsbedingungen und Datenschutzrichtlinien aller Websites oder Dienste Dritter zu lesen, die Sie besuchen.<\/p>\n<h2><span class=\"ez-toc-section\" id=\"Kuendigung\"><\/span>K\u00fcndigung<span class=\"ez-toc-section-end\"><\/span><\/h2>\n<p>Wir k\u00f6nnen Ihr Konto ohne Vorank\u00fcndigung oder Haftung aus irgendeinem Grund sofort k\u00fcndigen oder sperren, einschlie\u00dflich, aber nicht beschr\u00e4nkt auf den Fall, dass Sie gegen die Bedingungen versto\u00dfen.<\/p>\n<p>Nach der K\u00fcndigung erlischt Ihr Recht zur Nutzung des Dienstes sofort. Wenn Sie Ihr Konto k\u00fcndigen m\u00f6chten, k\u00f6nnen Sie die Nutzung des Dienstes einfach einstellen.<\/p>\n<p>Alle Bestimmungen der Bedingungen, die aufgrund ihrer Natur nach der K\u00fcndigung fortbestehen sollten, \u00fcberleben die K\u00fcndigung, einschlie\u00dflich, aber nicht beschr\u00e4nkt auf Eigentumsbestimmungen, Garantieausschl\u00fcsse, Haftungsbeschr\u00e4nkungen und Freistellung.<\/p>\n<h2><span class=\"ez-toc-section\" id=\"Haftungsausschluss\"><\/span>Haftungsausschluss<span class=\"ez-toc-section-end\"><\/span><\/h2>\n<p>Die Nutzung des Dienstes erfolgt auf eigenes Risiko. Der Dienst wird auf einer &#8222;AS IS&#8220; und &#8222;AS AVAILABLE&#8220; -Basis bereitgestellt. Der Dienst wird ohne jegliche Gew\u00e4hrleistung, ob ausdr\u00fccklich oder stillschweigend, bereitgestellt, einschlie\u00dflich, aber nicht beschr\u00e4nkt auf stillschweigende Gew\u00e4hrleistungen der Marktg\u00e4ngigkeit, Eignung f\u00fcr einen bestimmten Zweck, Nichtverletzung oder Handels\u00fcblichkeit.<\/p>\n<h2><span class=\"ez-toc-section\" id=\"Anwendbares_Recht\"><\/span>Anwendbares Recht<span class=\"ez-toc-section-end\"><\/span><\/h2>\n<p>Diese Bedingungen unterliegen dem Recht von Belgien, ohne R\u00fccksicht auf seine Kollisionsnormen.<\/p>\n<p>Unsere Unterlassung, ein Recht oder eine Bestimmung dieser Bedingungen durchzusetzen, stellt keinen Verzicht auf diese Rechte dar. Sollte eine Bestimmung dieser Bedingungen von einem Gericht f\u00fcr ung\u00fcltig oder nicht durchsetzbar befunden werden, bleiben die \u00fcbrigen Bestimmungen dieser Bedingungen in Kraft. Diese Bedingungen stellen die gesamte Vereinbarung zwischen uns bez\u00fcglich unseres Dienstes dar und ersetzen alle vorherigen Vereinbarungen zwischen uns bez\u00fcglich des Dienstes.<\/p>\n<h2><span class=\"ez-toc-section\" id=\"Aenderungen\"><\/span>\u00c4nderungen<span class=\"ez-toc-section-end\"><\/span><\/h2>\n<p>Wir behalten uns das Recht vor, diese Bedingungen jederzeit nach unserem alleinigen Ermessen zu \u00e4ndern oder zu ersetzen. Bei einer \u00c4nderung werden wir versuchen, mindestens 15 Tage vor dem Inkrafttreten neuer Bedingungen eine Benachrichtigung bereitzustellen. Was eine wesentliche \u00c4nderung darstellt, wird nach unserem alleinigen Ermessen bestimmt.<\/p>\n<p>Durch die fortgesetzte Nutzung oder den Zugriff auf unseren Dienst nach dem Inkrafttreten dieser \u00c4nderungen erkl\u00e4ren Sie sich mit den ge\u00e4nderten Bedingungen einverstanden. Wenn Sie mit den neuen Bedingungen nicht einverstanden sind, verwenden Sie den Dienst bitte nicht weiter.<\/p>\n<h2><span class=\"ez-toc-section\" id=\"Kontaktieren_Sie_uns\"><\/span>Kontaktieren Sie uns<span class=\"ez-toc-section-end\"><\/span><\/h2>\n<p>Wenn Sie Fragen zu diesen Bedingungen haben, kontaktieren Sie uns bitte.<\/p>\n","protected":false},"excerpt":{"rendered":"<p>NUTZUNGSBEDINGUNGEN Zuletzt aktualisiert am: 16. Januar 2024 Bitte lesen Sie diese Nutzungsbedingungen sorgf\u00e4ltig durch, bevor Sie die Website https:\/\/naturalthings.shop nutzen, die von NATURAL THINGS SHOP betrieben wird. Ihr Zugriff auf und Ihre Nutzung des Dienstes unterliegen Ihrer Zustimmung zu und Einhaltung dieser Bedingungen. Diese Bedingungen gelten f\u00fcr alle Besucher, Benutzer und andere Personen, die auf [&#8230;]\n","protected":false},"author":1,"featured_media":0,"parent":0,"menu_order":0,"comment_status":"closed","ping_status":"closed","template":"","meta":{"footnotes":""},"class_list":["post-6258","page","type-page","status-publish","hentry"],"yoast_head":"<!-- This site is optimized with the Yoast SEO Premium plugin v22.9 (Yoast SEO v27.0) - https:\/\/yoast.com\/product\/yoast-seo-premium-wordpress\/ -->\n<title>NUTZUNGSBEDINGUNGEN - NATURAL THINGS SHOP<\/title>\n<meta name=\"robots\" content=\"index, follow, max-snippet:-1, max-image-preview:large, max-video-preview:-1\" \/>\n<link rel=\"canonical\" href=\"https:\/\/naturalthings.shop\/de\/nutzungsbedingungen-2\/\" \/>\n<meta property=\"og:locale\" content=\"de_DE\" \/>\n<meta property=\"og:type\" content=\"article\" \/>\n<meta property=\"og:title\" content=\"NUTZUNGSBEDINGUNGEN\" \/>\n<meta property=\"og:description\" content=\"NUTZUNGSBEDINGUNGEN Zuletzt aktualisiert am: 16. Januar 2024 Bitte lesen Sie diese Nutzungsbedingungen sorgf\u00e4ltig durch, bevor Sie die Website https:\/\/naturalthings.shop nutzen, die von NATURAL THINGS SHOP betrieben wird. Ihr Zugriff auf und Ihre Nutzung des Dienstes unterliegen Ihrer Zustimmung zu und Einhaltung dieser Bedingungen. Diese Bedingungen gelten f\u00fcr alle Besucher, Benutzer und andere Personen, die auf [...]\" \/>\n<meta property=\"og:url\" content=\"https:\/\/naturalthings.shop\/de\/nutzungsbedingungen-2\/\" \/>\n<meta property=\"og:site_name\" content=\"NATURAL THINGS SHOP\" \/>\n<meta property=\"article:modified_time\" content=\"2024-03-20T11:40:21+00:00\" \/>\n<meta property=\"og:image\" content=\"https:\/\/naturalthings.shop\/wp-content\/uploads\/2023\/11\/LOGO-TSR-2-V3.png\" \/>\n\t<meta property=\"og:image:width\" content=\"920\" \/>\n\t<meta property=\"og:image:height\" content=\"829\" \/>\n\t<meta property=\"og:image:type\" content=\"image\/png\" \/>\n<meta name=\"twitter:card\" content=\"summary_large_image\" \/>\n<meta name=\"twitter:label1\" content=\"Gesch\u00e4tzte Lesezeit\" \/>\n\t<meta name=\"twitter:data1\" content=\"3\u00a0Minuten\" \/>\n<script type=\"application\/ld+json\" class=\"yoast-schema-graph\">{\"@context\":\"https:\/\/schema.org\",\"@graph\":[{\"@type\":\"WebPage\",\"@id\":\"https:\/\/naturalthings.shop\/de\/nutzungsbedingungen-2\/\",\"url\":\"https:\/\/naturalthings.shop\/de\/nutzungsbedingungen-2\/\",\"name\":\"NUTZUNGSBEDINGUNGEN - NATURAL THINGS SHOP\",\"isPartOf\":{\"@id\":\"https:\/\/naturalthings.shop\/#website\"},\"datePublished\":\"2024-01-16T14:11:05+00:00\",\"dateModified\":\"2024-03-20T11:40:21+00:00\",\"breadcrumb\":{\"@id\":\"https:\/\/naturalthings.shop\/de\/nutzungsbedingungen-2\/#breadcrumb\"},\"inLanguage\":\"de\",\"potentialAction\":[{\"@type\":\"ReadAction\",\"target\":[\"https:\/\/naturalthings.shop\/de\/nutzungsbedingungen-2\/\"]}]},{\"@type\":\"BreadcrumbList\",\"@id\":\"https:\/\/naturalthings.shop\/de\/nutzungsbedingungen-2\/#breadcrumb\",\"itemListElement\":[{\"@type\":\"ListItem\",\"position\":1,\"name\":\"Home\",\"item\":\"https:\/\/naturalthings.shop\/de\/\"},{\"@type\":\"ListItem\",\"position\":2,\"name\":\"NUTZUNGSBEDINGUNGEN\"}]},{\"@type\":\"WebSite\",\"@id\":\"https:\/\/naturalthings.shop\/#website\",\"url\":\"https:\/\/naturalthings.shop\/\",\"name\":\"NATURAL THINGS SHOP\",\"description\":\"\",\"publisher\":{\"@id\":\"https:\/\/naturalthings.shop\/#organization\"},\"potentialAction\":[{\"@type\":\"SearchAction\",\"target\":{\"@type\":\"EntryPoint\",\"urlTemplate\":\"https:\/\/naturalthings.shop\/?s={search_term_string}\"},\"query-input\":{\"@type\":\"PropertyValueSpecification\",\"valueRequired\":true,\"valueName\":\"search_term_string\"}}],\"inLanguage\":\"de\"},{\"@type\":\"Organization\",\"@id\":\"https:\/\/naturalthings.shop\/#organization\",\"name\":\"NATURAL THINGS SHOP\",\"url\":\"https:\/\/naturalthings.shop\/\",\"logo\":{\"@type\":\"ImageObject\",\"inLanguage\":\"de\",\"@id\":\"https:\/\/naturalthings.shop\/#\/schema\/logo\/image\/\",\"url\":\"https:\/\/naturalthings.shop\/wp-content\/uploads\/2023\/11\/LOGO-TSR-2-V3.png\",\"contentUrl\":\"https:\/\/naturalthings.shop\/wp-content\/uploads\/2023\/11\/LOGO-TSR-2-V3.png\",\"width\":920,\"height\":829,\"caption\":\"NATURAL THINGS SHOP\"},\"image\":{\"@id\":\"https:\/\/naturalthings.shop\/#\/schema\/logo\/image\/\"}}]}<\/script>\n<!-- \/ Yoast SEO Premium plugin. -->","yoast_head_json":{"title":"NUTZUNGSBEDINGUNGEN - NATURAL THINGS SHOP","robots":{"index":"index","follow":"follow","max-snippet":"max-snippet:-1","max-image-preview":"max-image-preview:large","max-video-preview":"max-video-preview:-1"},"canonical":"https:\/\/naturalthings.shop\/de\/nutzungsbedingungen-2\/","og_locale":"de_DE","og_type":"article","og_title":"NUTZUNGSBEDINGUNGEN","og_description":"NUTZUNGSBEDINGUNGEN Zuletzt aktualisiert am: 16. Januar 2024 Bitte lesen Sie diese Nutzungsbedingungen sorgf\u00e4ltig durch, bevor Sie die Website https:\/\/naturalthings.shop nutzen, die von NATURAL THINGS SHOP betrieben wird. Ihr Zugriff auf und Ihre Nutzung des Dienstes unterliegen Ihrer Zustimmung zu und Einhaltung dieser Bedingungen. Diese Bedingungen gelten f\u00fcr alle Besucher, Benutzer und andere Personen, die auf [...]","og_url":"https:\/\/naturalthings.shop\/de\/nutzungsbedingungen-2\/","og_site_name":"NATURAL THINGS SHOP","article_modified_time":"2024-03-20T11:40:21+00:00","og_image":[{"width":920,"height":829,"url":"https:\/\/naturalthings.shop\/wp-content\/uploads\/2023\/11\/LOGO-TSR-2-V3.png","type":"image\/png"}],"twitter_card":"summary_large_image","twitter_misc":{"Gesch\u00e4tzte Lesezeit":"3\u00a0Minuten"},"schema":{"@context":"https:\/\/schema.org","@graph":[{"@type":"WebPage","@id":"https:\/\/naturalthings.shop\/de\/nutzungsbedingungen-2\/","url":"https:\/\/naturalthings.shop\/de\/nutzungsbedingungen-2\/","name":"NUTZUNGSBEDINGUNGEN - NATURAL THINGS SHOP","isPartOf":{"@id":"https:\/\/naturalthings.shop\/#website"},"datePublished":"2024-01-16T14:11:05+00:00","dateModified":"2024-03-20T11:40:21+00:00","breadcrumb":{"@id":"https:\/\/naturalthings.shop\/de\/nutzungsbedingungen-2\/#breadcrumb"},"inLanguage":"de","potentialAction":[{"@type":"ReadAction","target":["https:\/\/naturalthings.shop\/de\/nutzungsbedingungen-2\/"]}]},{"@type":"BreadcrumbList","@id":"https:\/\/naturalthings.shop\/de\/nutzungsbedingungen-2\/#breadcrumb","itemListElement":[{"@type":"ListItem","position":1,"name":"Home","item":"https:\/\/naturalthings.shop\/de\/"},{"@type":"ListItem","position":2,"name":"NUTZUNGSBEDINGUNGEN"}]},{"@type":"WebSite","@id":"https:\/\/naturalthings.shop\/#website","url":"https:\/\/naturalthings.shop\/","name":"NATURAL THINGS SHOP","description":"","publisher":{"@id":"https:\/\/naturalthings.shop\/#organization"},"potentialAction":[{"@type":"SearchAction","target":{"@type":"EntryPoint","urlTemplate":"https:\/\/naturalthings.shop\/?s={search_term_string}"},"query-input":{"@type":"PropertyValueSpecification","valueRequired":true,"valueName":"search_term_string"}}],"inLanguage":"de"},{"@type":"Organization","@id":"https:\/\/naturalthings.shop\/#organization","name":"NATURAL THINGS SHOP","url":"https:\/\/naturalthings.shop\/","logo":{"@type":"ImageObject","inLanguage":"de","@id":"https:\/\/naturalthings.shop\/#\/schema\/logo\/image\/","url":"https:\/\/naturalthings.shop\/wp-content\/uploads\/2023\/11\/LOGO-TSR-2-V3.png","contentUrl":"https:\/\/naturalthings.shop\/wp-content\/uploads\/2023\/11\/LOGO-TSR-2-V3.png","width":920,"height":829,"caption":"NATURAL THINGS SHOP"},"image":{"@id":"https:\/\/naturalthings.shop\/#\/schema\/logo\/image\/"}}]}},"_links":{"self":[{"href":"https:\/\/naturalthings.shop\/de\/wp-json\/wp\/v2\/pages\/6258","targetHints":{"allow":["GET"]}}],"collection":[{"href":"https:\/\/naturalthings.shop\/de\/wp-json\/wp\/v2\/pages"}],"about":[{"href":"https:\/\/naturalthings.shop\/de\/wp-json\/wp\/v2\/types\/page"}],"author":[{"embeddable":true,"href":"https:\/\/naturalthings.shop\/de\/wp-json\/wp\/v2\/users\/1"}],"replies":[{"embeddable":true,"href":"https:\/\/naturalthings.shop\/de\/wp-json\/wp\/v2\/comments?post=6258"}],"version-history":[{"count":1,"href":"https:\/\/naturalthings.shop\/de\/wp-json\/wp\/v2\/pages\/6258\/revisions"}],"predecessor-version":[{"id":6260,"href":"https:\/\/naturalthings.shop\/de\/wp-json\/wp\/v2\/pages\/6258\/revisions\/6260"}],"wp:attachment":[{"href":"https:\/\/naturalthings.shop\/de\/wp-json\/wp\/v2\/media?parent=6258"}],"curies":[{"name":"wp","href":"https:\/\/api.w.org\/{rel}","templated":true}]}}