{"id":6255,"date":"2024-01-16T13:33:40","date_gmt":"2024-01-16T13:33:40","guid":{"rendered":"https:\/\/naturalthings.shop\/?page_id=6255"},"modified":"2024-03-20T11:42:33","modified_gmt":"2024-03-20T11:42:33","slug":"affiliate-erklaerung","status":"publish","type":"page","link":"https:\/\/naturalthings.shop\/de\/affiliate-erklaerung\/","title":{"rendered":"AFFILIATE-ERKL\u00c4RUNG"},"content":{"rendered":"<h1>AFFILIATE-ERKL\u00c4RUNG<\/h1>\n<p>Bei Naturalthings.shop legen wir Wert darauf, unabh\u00e4ngige Produktbewertungen von nat\u00fcrlichen Produkten zu ver\u00f6ffentlichen, die unsere Leser an erster Stelle setzen, und hochwertiger Inhalt wird immer unsere erste Priorit\u00e4t sein.<\/p>\n<p>Das gesagt, wenn Sie ein Produkt \u00fcber einen Link auf unserer Website kaufen, verdienen wir eine Affiliate-Provision. Dies ist mittlerweile eine g\u00e4ngige Praxis in den Medien, die von vielen namhaften Websites wie Wirecutter, Gear Patrol und Wired verwendet wird.<\/p>\n<p>So funktioniert es: Wenn Sie auf einen Link auf einer unserer Seiten klicken, der zu einem Partnerh\u00e4ndler f\u00fchrt, vermerkt die URL automatisch, dass Sie von Outside kommen. Wenn Sie dieses Produkt kaufen, k\u00f6nnen wir eine kleine Provision verdienen, die dazu beitr\u00e4gt, unsere Arbeit zu finanzieren. (Es kostet Sie nicht mehr \u2013 der Preis ist derselbe, als wenn Sie direkt zur Website gegangen w\u00e4ren.) Unsere Redakteure w\u00e4hlen sorgf\u00e4ltig sowohl die Produkte aus, auf die wir verlinken, als auch die H\u00e4ndler, die sie verkaufen (vertrauensw\u00fcrdige Unternehmen wie AMAZON), um Ihnen wettbewerbsf\u00e4hige Preise und ein reibungsloses Einkaufserlebnis zu bieten. Affiliate-Links spielen keine Rolle in unserer redaktionellen Berichterstattung, au\u00dfer um es Ihnen, unseren Lesern, einfacher zu machen, die Ausr\u00fcstung, die Sie m\u00f6chten, zu einem gro\u00dfartigen Preis zu erhalten (obwohl wir nicht garantieren k\u00f6nnen, dass es immer das beste Angebot sein wird).<\/p>\n<p>Wenn ein Hersteller oder H\u00e4ndler f\u00fcr eine redaktionelle Platzierung auf unserer Website bezahlt hat, wird dies deutlich mit einem Hinweis auf &#8222;Gesponserten Inhalt&#8220; gekennzeichnet.<\/p>\n<p>Unser Ruf bei unseren Lesern ist das wertvollste Kapital, das wir haben. Wir werden weiterhin Produkte ehrlich und unabh\u00e4ngig bewerten und diskutieren, mit einem einzigen Ziel: die Sch\u00e4tze der Natur zu finden und Ihnen vorzustellen, die unserer Gesundheit f\u00f6rderlich sind.<\/p>\n","protected":false},"excerpt":{"rendered":"<p>AFFILIATE-ERKL\u00c4RUNG Bei Naturalthings.shop legen wir Wert darauf, unabh\u00e4ngige Produktbewertungen von nat\u00fcrlichen Produkten zu ver\u00f6ffentlichen, die unsere Leser an erster Stelle setzen, und hochwertiger Inhalt wird immer unsere erste Priorit\u00e4t sein. Das gesagt, wenn Sie ein Produkt \u00fcber einen Link auf unserer Website kaufen, verdienen wir eine Affiliate-Provision. Dies ist mittlerweile eine g\u00e4ngige Praxis in den [&#8230;]\n","protected":false},"author":1,"featured_media":0,"parent":0,"menu_order":0,"comment_status":"closed","ping_status":"closed","template":"","meta":{"footnotes":""},"class_list":["post-6255","page","type-page","status-publish","hentry"],"yoast_head":"<!-- This site is optimized with the Yoast SEO Premium plugin v22.9 (Yoast SEO v27.0) - https:\/\/yoast.com\/product\/yoast-seo-premium-wordpress\/ -->\n<title>AFFILIATE-ERKL\u00c4RUNG - NATURAL THINGS SHOP<\/title>\n<meta name=\"robots\" content=\"noindex, nofollow\" \/>\n<meta property=\"og:locale\" content=\"de_DE\" \/>\n<meta property=\"og:type\" content=\"article\" \/>\n<meta property=\"og:title\" content=\"AFFILIATE-ERKL\u00c4RUNG\" \/>\n<meta property=\"og:description\" content=\"AFFILIATE-ERKL\u00c4RUNG Bei Naturalthings.shop legen wir Wert darauf, unabh\u00e4ngige Produktbewertungen von nat\u00fcrlichen Produkten zu ver\u00f6ffentlichen, die unsere Leser an erster Stelle setzen, und hochwertiger Inhalt wird immer unsere erste Priorit\u00e4t sein. Das gesagt, wenn Sie ein Produkt \u00fcber einen Link auf unserer Website kaufen, verdienen wir eine Affiliate-Provision. Dies ist mittlerweile eine g\u00e4ngige Praxis in den [...]\" \/>\n<meta property=\"og:url\" content=\"https:\/\/naturalthings.shop\/de\/affiliate-erklaerung\/\" \/>\n<meta property=\"og:site_name\" content=\"NATURAL THINGS SHOP\" \/>\n<meta property=\"article:modified_time\" content=\"2024-03-20T11:42:33+00:00\" \/>\n<meta property=\"og:image\" content=\"https:\/\/naturalthings.shop\/wp-content\/uploads\/2023\/11\/LOGO-TSR-2-V3.png\" \/>\n\t<meta property=\"og:image:width\" content=\"920\" \/>\n\t<meta property=\"og:image:height\" content=\"829\" \/>\n\t<meta property=\"og:image:type\" content=\"image\/png\" \/>\n<meta name=\"twitter:card\" content=\"summary_large_image\" \/>\n<meta name=\"twitter:label1\" content=\"Gesch\u00e4tzte Lesezeit\" \/>\n\t<meta name=\"twitter:data1\" content=\"2\u00a0Minuten\" \/>\n<script type=\"application\/ld+json\" class=\"yoast-schema-graph\">{\"@context\":\"https:\/\/schema.org\",\"@graph\":[{\"@type\":\"WebPage\",\"@id\":\"https:\/\/naturalthings.shop\/de\/affiliate-erklaerung\/\",\"url\":\"https:\/\/naturalthings.shop\/de\/affiliate-erklaerung\/\",\"name\":\"AFFILIATE-ERKL\u00c4RUNG - NATURAL THINGS SHOP\",\"isPartOf\":{\"@id\":\"https:\/\/naturalthings.shop\/#website\"},\"datePublished\":\"2024-01-16T13:33:40+00:00\",\"dateModified\":\"2024-03-20T11:42:33+00:00\",\"breadcrumb\":{\"@id\":\"https:\/\/naturalthings.shop\/de\/affiliate-erklaerung\/#breadcrumb\"},\"inLanguage\":\"de\",\"potentialAction\":[{\"@type\":\"ReadAction\",\"target\":[\"https:\/\/naturalthings.shop\/de\/affiliate-erklaerung\/\"]}]},{\"@type\":\"BreadcrumbList\",\"@id\":\"https:\/\/naturalthings.shop\/de\/affiliate-erklaerung\/#breadcrumb\",\"itemListElement\":[{\"@type\":\"ListItem\",\"position\":1,\"name\":\"Home\",\"item\":\"https:\/\/naturalthings.shop\/de\/\"},{\"@type\":\"ListItem\",\"position\":2,\"name\":\"AFFILIATE-ERKL\u00c4RUNG\"}]},{\"@type\":\"WebSite\",\"@id\":\"https:\/\/naturalthings.shop\/#website\",\"url\":\"https:\/\/naturalthings.shop\/\",\"name\":\"NATURAL THINGS SHOP\",\"description\":\"\",\"publisher\":{\"@id\":\"https:\/\/naturalthings.shop\/#organization\"},\"potentialAction\":[{\"@type\":\"SearchAction\",\"target\":{\"@type\":\"EntryPoint\",\"urlTemplate\":\"https:\/\/naturalthings.shop\/?s={search_term_string}\"},\"query-input\":{\"@type\":\"PropertyValueSpecification\",\"valueRequired\":true,\"valueName\":\"search_term_string\"}}],\"inLanguage\":\"de\"},{\"@type\":\"Organization\",\"@id\":\"https:\/\/naturalthings.shop\/#organization\",\"name\":\"NATURAL THINGS SHOP\",\"url\":\"https:\/\/naturalthings.shop\/\",\"logo\":{\"@type\":\"ImageObject\",\"inLanguage\":\"de\",\"@id\":\"https:\/\/naturalthings.shop\/#\/schema\/logo\/image\/\",\"url\":\"https:\/\/naturalthings.shop\/wp-content\/uploads\/2023\/11\/LOGO-TSR-2-V3.png\",\"contentUrl\":\"https:\/\/naturalthings.shop\/wp-content\/uploads\/2023\/11\/LOGO-TSR-2-V3.png\",\"width\":920,\"height\":829,\"caption\":\"NATURAL THINGS SHOP\"},\"image\":{\"@id\":\"https:\/\/naturalthings.shop\/#\/schema\/logo\/image\/\"}}]}<\/script>\n<!-- \/ Yoast SEO Premium plugin. -->","yoast_head_json":{"title":"AFFILIATE-ERKL\u00c4RUNG - NATURAL THINGS SHOP","robots":{"index":"noindex","follow":"nofollow"},"og_locale":"de_DE","og_type":"article","og_title":"AFFILIATE-ERKL\u00c4RUNG","og_description":"AFFILIATE-ERKL\u00c4RUNG Bei Naturalthings.shop legen wir Wert darauf, unabh\u00e4ngige Produktbewertungen von nat\u00fcrlichen Produkten zu ver\u00f6ffentlichen, die unsere Leser an erster Stelle setzen, und hochwertiger Inhalt wird immer unsere erste Priorit\u00e4t sein. Das gesagt, wenn Sie ein Produkt \u00fcber einen Link auf unserer Website kaufen, verdienen wir eine Affiliate-Provision. Dies ist mittlerweile eine g\u00e4ngige Praxis in den [...]","og_url":"https:\/\/naturalthings.shop\/de\/affiliate-erklaerung\/","og_site_name":"NATURAL THINGS SHOP","article_modified_time":"2024-03-20T11:42:33+00:00","og_image":[{"width":920,"height":829,"url":"https:\/\/naturalthings.shop\/wp-content\/uploads\/2023\/11\/LOGO-TSR-2-V3.png","type":"image\/png"}],"twitter_card":"summary_large_image","twitter_misc":{"Gesch\u00e4tzte Lesezeit":"2\u00a0Minuten"},"schema":{"@context":"https:\/\/schema.org","@graph":[{"@type":"WebPage","@id":"https:\/\/naturalthings.shop\/de\/affiliate-erklaerung\/","url":"https:\/\/naturalthings.shop\/de\/affiliate-erklaerung\/","name":"AFFILIATE-ERKL\u00c4RUNG - NATURAL THINGS SHOP","isPartOf":{"@id":"https:\/\/naturalthings.shop\/#website"},"datePublished":"2024-01-16T13:33:40+00:00","dateModified":"2024-03-20T11:42:33+00:00","breadcrumb":{"@id":"https:\/\/naturalthings.shop\/de\/affiliate-erklaerung\/#breadcrumb"},"inLanguage":"de","potentialAction":[{"@type":"ReadAction","target":["https:\/\/naturalthings.shop\/de\/affiliate-erklaerung\/"]}]},{"@type":"BreadcrumbList","@id":"https:\/\/naturalthings.shop\/de\/affiliate-erklaerung\/#breadcrumb","itemListElement":[{"@type":"ListItem","position":1,"name":"Home","item":"https:\/\/naturalthings.shop\/de\/"},{"@type":"ListItem","position":2,"name":"AFFILIATE-ERKL\u00c4RUNG"}]},{"@type":"WebSite","@id":"https:\/\/naturalthings.shop\/#website","url":"https:\/\/naturalthings.shop\/","name":"NATURAL THINGS SHOP","description":"","publisher":{"@id":"https:\/\/naturalthings.shop\/#organization"},"potentialAction":[{"@type":"SearchAction","target":{"@type":"EntryPoint","urlTemplate":"https:\/\/naturalthings.shop\/?s={search_term_string}"},"query-input":{"@type":"PropertyValueSpecification","valueRequired":true,"valueName":"search_term_string"}}],"inLanguage":"de"},{"@type":"Organization","@id":"https:\/\/naturalthings.shop\/#organization","name":"NATURAL THINGS SHOP","url":"https:\/\/naturalthings.shop\/","logo":{"@type":"ImageObject","inLanguage":"de","@id":"https:\/\/naturalthings.shop\/#\/schema\/logo\/image\/","url":"https:\/\/naturalthings.shop\/wp-content\/uploads\/2023\/11\/LOGO-TSR-2-V3.png","contentUrl":"https:\/\/naturalthings.shop\/wp-content\/uploads\/2023\/11\/LOGO-TSR-2-V3.png","width":920,"height":829,"caption":"NATURAL THINGS SHOP"},"image":{"@id":"https:\/\/naturalthings.shop\/#\/schema\/logo\/image\/"}}]}},"_links":{"self":[{"href":"https:\/\/naturalthings.shop\/de\/wp-json\/wp\/v2\/pages\/6255","targetHints":{"allow":["GET"]}}],"collection":[{"href":"https:\/\/naturalthings.shop\/de\/wp-json\/wp\/v2\/pages"}],"about":[{"href":"https:\/\/naturalthings.shop\/de\/wp-json\/wp\/v2\/types\/page"}],"author":[{"embeddable":true,"href":"https:\/\/naturalthings.shop\/de\/wp-json\/wp\/v2\/users\/1"}],"replies":[{"embeddable":true,"href":"https:\/\/naturalthings.shop\/de\/wp-json\/wp\/v2\/comments?post=6255"}],"version-history":[{"count":3,"href":"https:\/\/naturalthings.shop\/de\/wp-json\/wp\/v2\/pages\/6255\/revisions"}],"predecessor-version":[{"id":6262,"href":"https:\/\/naturalthings.shop\/de\/wp-json\/wp\/v2\/pages\/6255\/revisions\/6262"}],"wp:attachment":[{"href":"https:\/\/naturalthings.shop\/de\/wp-json\/wp\/v2\/media?parent=6255"}],"curies":[{"name":"wp","href":"https:\/\/api.w.org\/{rel}","templated":true}]}}