{"id":6252,"date":"2023-11-06T13:49:38","date_gmt":"2023-11-06T13:49:38","guid":{"rendered":"https:\/\/naturalthings.shop\/?page_id=6252"},"modified":"2024-03-20T11:29:40","modified_gmt":"2024-03-20T11:29:40","slug":"datenschutzrichtlinie","status":"publish","type":"page","link":"https:\/\/naturalthings.shop\/de\/datenschutzrichtlinie\/","title":{"rendered":"DATENSCHUTZRICHTLINIE"},"content":{"rendered":"<h1><span class=\"ez-toc-section\" id=\"DATENSCHUTZRICHTLINIE\"><\/span>DATENSCHUTZRICHTLINIE<span class=\"ez-toc-section-end\"><\/span><\/h1>\n<p>Zuletzt aktualisiert am: 16. Januar 2024<\/p>\n<h3>Wer wir sind<\/h3>\n<p>Unsere Website-Adresse lautet: https:\/\/naturalthings.shop.<\/p>\n<h3>Kommentare<\/h3>\n<p>Wenn Besucher Kommentare auf der Website hinterlassen, sammeln wir die in dem Kommentarformular angezeigten Daten sowie die IP-Adresse des Besuchers und den Browser-Benutzer-Agenten-String, um bei der Spam-Erkennung zu helfen.<\/p>\n<p>Eine anonymisierte Zeichenfolge, die aus Ihrer E-Mail-Adresse erstellt wurde (auch Hash genannt), kann an den Gravatar-Dienst weitergegeben werden, um zu sehen, ob Sie ihn verwenden. Die Datenschutzrichtlinie des Gravatar-Dienstes ist hier verf\u00fcgbar: https:\/\/automattic.com\/privacy\/. Nach Genehmigung Ihres Kommentars ist Ihr Profilbild im Kontext Ihres Kommentars f\u00fcr die \u00d6ffentlichkeit sichtbar.<\/p>\n<h3>Medien<\/h3>\n<p>Wenn Sie Bilder auf die Website hochladen, sollten Sie vermeiden, Bilder mit eingebetteten Standortdaten (EXIF GPS) hochzuladen. Besucher der Website k\u00f6nnen Standortdaten aus Bildern auf der Website herunterladen und extrahieren.<\/p>\n<h3>Cookies<\/h3>\n<p>Wenn Sie einen Kommentar auf unserer Website hinterlassen, k\u00f6nnen Sie sich daf\u00fcr entscheiden, Ihren Namen, Ihre E-Mail-Adresse und Ihre Website in Cookies zu speichern. Diese dienen Ihrer Bequemlichkeit, damit Sie Ihre Daten nicht erneut eingeben m\u00fcssen, wenn Sie einen weiteren Kommentar hinterlassen. Diese Cookies bleiben ein Jahr lang gespeichert.<\/p>\n<p>Wenn Sie unsere Anmeldeseite besuchen, setzen wir ein tempor\u00e4res Cookie, um zu \u00fcberpr\u00fcfen, ob Ihr Browser Cookies akzeptiert. Dieses Cookie enth\u00e4lt keine pers\u00f6nlichen Daten und wird gel\u00f6scht, wenn Sie Ihren Browser schlie\u00dfen.<\/p>\n<p>Wenn Sie sich anmelden, setzen wir auch mehrere Cookies, um Ihre Anmeldeinformationen und Ihre Bildschirmanzeigeoptionen zu speichern. Anmelde-Cookies bleiben zwei Tage lang gespeichert, und Bildschirmoptionen-Cookies bleiben ein Jahr lang gespeichert. Wenn Sie &#8222;Angemeldet bleiben&#8220; ausw\u00e4hlen, bleibt Ihre Anmeldung zwei Wochen lang erhalten. Wenn Sie sich aus Ihrem Konto abmelden, werden die Anmelde-Cookies entfernt.<\/p>\n<p>Wenn Sie einen Artikel bearbeiten oder ver\u00f6ffentlichen, wird ein zus\u00e4tzliches Cookie in Ihrem Browser gespeichert. Dieses Cookie enth\u00e4lt keine pers\u00f6nlichen Daten und gibt lediglich die Beitrag-ID des von Ihnen gerade bearbeiteten Artikels an. Es l\u00e4uft nach 1 Tag ab.<\/p>\n<h3>Eingebettete Inhalte von anderen Websites<\/h3>\n<p>Artikel auf dieser Website k\u00f6nnen eingebettete Inhalte (z. B. Videos, Bilder, Artikel usw.) enthalten. Eingebettete Inhalte von anderen Websites verhalten sich genauso, als ob der Besucher die andere Website besucht h\u00e4tte.<\/p>\n<p>Diese Websites k\u00f6nnen Daten \u00fcber Sie sammeln, Cookies verwenden, zus\u00e4tzliche Drittanbieter-Tracking einbetten und Ihre Interaktion mit diesem eingebetteten Inhalt \u00fcberwachen, einschlie\u00dflich Ihrer Interaktion mit dem eingebetteten Inhalt, wenn Sie ein Konto haben und auf dieser Website angemeldet sind.<\/p>\n<h3>Mit wem wir Ihre Daten teilen<\/h3>\n<p>Wenn Sie eine Zur\u00fccksetzung Ihres Passworts anfordern, wird Ihre IP-Adresse in der Zur\u00fccksetzungs-E-Mail enthalten sein.<\/p>\n<h3>Wie lange wir Ihre Daten speichern<\/h3>\n<p>Wenn Sie einen Kommentar hinterlassen, werden der Kommentar und seine Metadaten unbegrenzt gespeichert. Dies dient dazu, alle Folgekommentare automatisch zu erkennen und zu genehmigen, anstatt sie in einer Moderationswarteschlange zu halten.<\/p>\n<p>F\u00fcr Benutzer, die sich auf unserer Website registrieren (falls vorhanden), speichern wir auch die pers\u00f6nlichen Informationen, die sie in ihrem Benutzerprofil angeben. Alle Benutzer k\u00f6nnen ihre pers\u00f6nlichen Informationen jederzeit einsehen, bearbeiten oder l\u00f6schen (au\u00dfer sie k\u00f6nnen ihren Benutzernamen nicht \u00e4ndern). Website-Administratoren k\u00f6nnen diese Informationen ebenfalls einsehen und bearbeiten.<\/p>\n<h3>Welche Rechte Sie an Ihren Daten haben<\/h3>\n<p>Wenn Sie ein Konto auf dieser Website haben oder Kommentare hinterlassen haben, k\u00f6nnen Sie beantragen, eine exportierte Datei der personenbezogenen Daten, die wir \u00fcber Sie gespeichert haben, zu erhalten, einschlie\u00dflich aller von Ihnen bereitgestellten Daten. Sie k\u00f6nnen auch verlangen, dass wir alle personenbezogenen Daten, die wir \u00fcber Sie gespeichert haben, l\u00f6schen. Dies umfasst nicht die Daten, die wir zu administrativen, rechtlichen oder Sicherheitszwecken aufbewahren m\u00fcssen.<\/p>\n<h3>Wohin Ihre Daten gesendet werden<\/h3>\n<p>Besucher-Kommentare k\u00f6nnen durch einen automatisierten Spam-Erkennungsdienst \u00fcberpr\u00fcft werden.<\/p>\n<h1><span class=\"ez-toc-section\" id=\"WOOCOMMERCE-RICHTLINIE\"><\/span>WOOCOMMERCE-RICHTLINIE<span class=\"ez-toc-section-end\"><\/span><\/h1>\n<p>Wir sammeln w\u00e4hrend des Bestellvorgangs in unserem Gesch\u00e4ft Informationen \u00fcber Sie.<\/p>\n<h3>Was wir sammeln und speichern<\/h3>\n<p>W\u00e4hrend Sie unsere Website besuchen, verfolgen wir:<\/p>\n<p>Produkte, die Sie angesehen haben: Wir verwenden dies beispielsweise, um Ihnen Produkte anzuzeigen, die Sie k\u00fcrzlich angesehen haben<br \/>\nStandort, IP-Adresse und Browsertyp: Wir verwenden dies f\u00fcr Zwecke wie die Sch\u00e4tzung von Steuern und Versandkosten<br \/>\nLieferadresse: Wir bitten Sie, diese einzugeben, damit wir beispielsweise den Versand sch\u00e4tzen k\u00f6nnen, bevor Sie eine Bestellung aufgeben, und Ihnen die Bestellung zusenden k\u00f6nnen!<br \/>\nWir verwenden auch Cookies, um den Inhalt des Warenkorbs zu verfolgen, w\u00e4hrend Sie unsere Website durchsuchen.<\/p>\n<p>Wenn Sie bei uns kaufen, werden wir Sie bitten, Informationen wie Ihren Namen, Ihre Rechnungsadresse, Ihre Lieferadresse, Ihre E-Mail-Adresse, Ihre Telefonnummer, Ihre Kreditkarten-\/Zahlungsdetails und optionale Kontoinformationen wie Benutzername und Passwort anzugeben. Wir verwenden diese Informationen f\u00fcr Zwecke wie:<\/p>\n<p>Senden von Informationen zu Ihrem Konto und Ihrer Bestellung<br \/>\nBeantworten Ihrer Anfragen, einschlie\u00dflich R\u00fcckerstattungen und Beschwerden<br \/>\nZahlungen verarbeiten und Betrug verhindern<br \/>\nEinrichten Ihres Kontos f\u00fcr unseren Laden<br \/>\nEinhaltung aller rechtlichen Verpflichtungen, die wir haben, wie die Berechnung von Steuern<br \/>\nVerbesserung unserer Ladenangebote<br \/>\nSenden von Marketingnachrichten, wenn Sie sich daf\u00fcr entscheiden, sie zu erhalten<br \/>\nWenn Sie ein Konto erstellen, speichern wir Ihren Namen, Ihre Adresse, Ihre E-Mail-Adresse und Ihre Telefonnummer, die verwendet werden, um den Checkout f\u00fcr zuk\u00fcnftige Bestellungen auszuf\u00fcllen.<\/p>\n<p>Wir speichern im Allgemeinen Informationen \u00fcber Sie so lange, wie wir die Informationen f\u00fcr die Zwecke, f\u00fcr die wir sie sammeln und verwenden, ben\u00f6tigen, und wir sind nicht gesetzlich verpflichtet, sie weiterhin aufzubewahren. Zum Beispiel werden wir Bestellinformationen f\u00fcr XXX Jahre aus steuerlichen und buchhalterischen Zwecken speichern. Dies umfasst Ihren Namen, Ihre E-Mail-Adresse sowie Ihre Rechnungs- und Versandadressen.<\/p>\n<p>Wir speichern auch Kommentare oder Bewertungen, wenn Sie sich daf\u00fcr entscheiden, sie zu hinterlassen.<\/p>\n<h3>Wer in unserem Team hat Zugriff<\/h3>\n<p>Mitglieder unseres Teams haben Zugriff auf die von Ihnen bereitgestellten Informationen. Beispielsweise k\u00f6nnen sowohl Administratoren als auch Shop-Manager auf Folgendes zugreifen:<\/p>\n<p>Bestellinformationen wie was gekauft wurde, wann es gekauft wurde und wohin es gesendet werden soll, und<br \/>\nKundeninformationen wie Ihren Namen, Ihre E-Mail-Adresse sowie Ihre Rechnungs- und Versandinformationen.<br \/>\nUnsere Teammitglieder haben Zugriff auf diese Informationen, um Bestellungen zu bearbeiten, R\u00fcckerstattungen zu bearbeiten und Sie zu unterst\u00fctzen.<\/p>\n<p>Was wir mit anderen teilen<br \/>\nWir teilen Informationen mit Dritten, die uns helfen, Ihnen unsere Bestellungen und Ladenleistungen zur Verf\u00fcgung zu stellen; zum Beispiel \u2014<\/p>\n<h3>Zahlungen<\/h3>\n<p>Wir akzeptieren Zahlungen \u00fcber PayPal. Bei der Abwicklung von Zahlungen werden einige Ihrer Daten an PayPal weitergegeben, einschlie\u00dflich der zur Verarbeitung oder Unterst\u00fctzung der Zahlung erforderlichen Informationen wie dem Gesamtkaufbetrag und den Rechnungsinformationen.<\/p>\n<p>Bitte sehen Sie sich die PayPal-Datenschutzrichtlinie f\u00fcr weitere Details an.<\/p>\n<p>Diese Website verwendet Caching, um eine schnellere Reaktionszeit und eine bessere Benutzererfahrung zu erm\u00f6glichen. Das Caching speichert potenziell eine Kopie jeder Webseite, die auf dieser Seite angezeigt wird. Alle Cache-Dateien sind tempor\u00e4r und werden von Dritten nur dann abgerufen, wenn dies erforderlich ist, um technischen Support vom Cache-Plugin-Anbieter zu erhalten. Cache-Dateien verfallen gem\u00e4\u00df einem Zeitplan, der vom Site-Administrator festgelegt wurde, k\u00f6nnen jedoch vom Administrator vor ihrem nat\u00fcrlichen Ablauf problemlos gel\u00f6scht werden, wenn dies erforderlich ist. Wir k\u00f6nnen QUIC.cloud-Dienste verwenden, um Ihre Daten vor\u00fcbergehend zu verarbeiten und zu cachen. Bitte sehen Sie sich f\u00fcr weitere Details https:\/\/quic.cloud\/privacy-policy\/ an.<\/p>\n<p>&nbsp;<\/p>\n","protected":false},"excerpt":{"rendered":"<p>DATENSCHUTZRICHTLINIE Zuletzt aktualisiert am: 16. Januar 2024 Wer wir sind Unsere Website-Adresse lautet: https:\/\/naturalthings.shop. Kommentare Wenn Besucher Kommentare auf der Website hinterlassen, sammeln wir die in dem Kommentarformular angezeigten Daten sowie die IP-Adresse des Besuchers und den Browser-Benutzer-Agenten-String, um bei der Spam-Erkennung zu helfen. Eine anonymisierte Zeichenfolge, die aus Ihrer E-Mail-Adresse erstellt wurde (auch Hash [&#8230;]\n","protected":false},"author":1,"featured_media":0,"parent":0,"menu_order":0,"comment_status":"closed","ping_status":"closed","template":"","meta":{"footnotes":""},"class_list":["post-6252","page","type-page","status-publish","hentry"],"yoast_head":"<!-- This site is optimized with the Yoast SEO Premium plugin v22.9 (Yoast SEO v27.0) - https:\/\/yoast.com\/product\/yoast-seo-premium-wordpress\/ -->\n<title>DATENSCHUTZRICHTLINIE - NATURAL THINGS SHOP<\/title>\n<meta name=\"robots\" content=\"noindex, nofollow\" \/>\n<meta property=\"og:locale\" content=\"de_DE\" \/>\n<meta property=\"og:type\" content=\"article\" \/>\n<meta property=\"og:title\" content=\"DATENSCHUTZRICHTLINIE\" \/>\n<meta property=\"og:description\" content=\"DATENSCHUTZRICHTLINIE Zuletzt aktualisiert am: 16. Januar 2024 Wer wir sind Unsere Website-Adresse lautet: https:\/\/naturalthings.shop. Kommentare Wenn Besucher Kommentare auf der Website hinterlassen, sammeln wir die in dem Kommentarformular angezeigten Daten sowie die IP-Adresse des Besuchers und den Browser-Benutzer-Agenten-String, um bei der Spam-Erkennung zu helfen. Eine anonymisierte Zeichenfolge, die aus Ihrer E-Mail-Adresse erstellt wurde (auch Hash [...]\" \/>\n<meta property=\"og:url\" content=\"https:\/\/naturalthings.shop\/de\/datenschutzrichtlinie\/\" \/>\n<meta property=\"og:site_name\" content=\"NATURAL THINGS SHOP\" \/>\n<meta property=\"article:modified_time\" content=\"2024-03-20T11:29:40+00:00\" \/>\n<meta property=\"og:image\" content=\"https:\/\/naturalthings.shop\/wp-content\/uploads\/2023\/11\/LOGO-TSR-2-V3.png\" \/>\n\t<meta property=\"og:image:width\" content=\"920\" \/>\n\t<meta property=\"og:image:height\" content=\"829\" \/>\n\t<meta property=\"og:image:type\" content=\"image\/png\" \/>\n<meta name=\"twitter:card\" content=\"summary_large_image\" \/>\n<meta name=\"twitter:label1\" content=\"Gesch\u00e4tzte Lesezeit\" \/>\n\t<meta name=\"twitter:data1\" content=\"5\u00a0Minuten\" \/>\n<script type=\"application\/ld+json\" class=\"yoast-schema-graph\">{\"@context\":\"https:\/\/schema.org\",\"@graph\":[{\"@type\":\"WebPage\",\"@id\":\"https:\/\/naturalthings.shop\/de\/datenschutzrichtlinie\/\",\"url\":\"https:\/\/naturalthings.shop\/de\/datenschutzrichtlinie\/\",\"name\":\"DATENSCHUTZRICHTLINIE - NATURAL THINGS SHOP\",\"isPartOf\":{\"@id\":\"https:\/\/naturalthings.shop\/#website\"},\"datePublished\":\"2023-11-06T13:49:38+00:00\",\"dateModified\":\"2024-03-20T11:29:40+00:00\",\"breadcrumb\":{\"@id\":\"https:\/\/naturalthings.shop\/de\/datenschutzrichtlinie\/#breadcrumb\"},\"inLanguage\":\"de\",\"potentialAction\":[{\"@type\":\"ReadAction\",\"target\":[\"https:\/\/naturalthings.shop\/de\/datenschutzrichtlinie\/\"]}]},{\"@type\":\"BreadcrumbList\",\"@id\":\"https:\/\/naturalthings.shop\/de\/datenschutzrichtlinie\/#breadcrumb\",\"itemListElement\":[{\"@type\":\"ListItem\",\"position\":1,\"name\":\"Home\",\"item\":\"https:\/\/naturalthings.shop\/de\/\"},{\"@type\":\"ListItem\",\"position\":2,\"name\":\"DATENSCHUTZRICHTLINIE\"}]},{\"@type\":\"WebSite\",\"@id\":\"https:\/\/naturalthings.shop\/#website\",\"url\":\"https:\/\/naturalthings.shop\/\",\"name\":\"NATURAL THINGS SHOP\",\"description\":\"\",\"publisher\":{\"@id\":\"https:\/\/naturalthings.shop\/#organization\"},\"potentialAction\":[{\"@type\":\"SearchAction\",\"target\":{\"@type\":\"EntryPoint\",\"urlTemplate\":\"https:\/\/naturalthings.shop\/?s={search_term_string}\"},\"query-input\":{\"@type\":\"PropertyValueSpecification\",\"valueRequired\":true,\"valueName\":\"search_term_string\"}}],\"inLanguage\":\"de\"},{\"@type\":\"Organization\",\"@id\":\"https:\/\/naturalthings.shop\/#organization\",\"name\":\"NATURAL THINGS SHOP\",\"url\":\"https:\/\/naturalthings.shop\/\",\"logo\":{\"@type\":\"ImageObject\",\"inLanguage\":\"de\",\"@id\":\"https:\/\/naturalthings.shop\/#\/schema\/logo\/image\/\",\"url\":\"https:\/\/naturalthings.shop\/wp-content\/uploads\/2023\/11\/LOGO-TSR-2-V3.png\",\"contentUrl\":\"https:\/\/naturalthings.shop\/wp-content\/uploads\/2023\/11\/LOGO-TSR-2-V3.png\",\"width\":920,\"height\":829,\"caption\":\"NATURAL THINGS SHOP\"},\"image\":{\"@id\":\"https:\/\/naturalthings.shop\/#\/schema\/logo\/image\/\"}}]}<\/script>\n<!-- \/ Yoast SEO Premium plugin. -->","yoast_head_json":{"title":"DATENSCHUTZRICHTLINIE - NATURAL THINGS SHOP","robots":{"index":"noindex","follow":"nofollow"},"og_locale":"de_DE","og_type":"article","og_title":"DATENSCHUTZRICHTLINIE","og_description":"DATENSCHUTZRICHTLINIE Zuletzt aktualisiert am: 16. Januar 2024 Wer wir sind Unsere Website-Adresse lautet: https:\/\/naturalthings.shop. Kommentare Wenn Besucher Kommentare auf der Website hinterlassen, sammeln wir die in dem Kommentarformular angezeigten Daten sowie die IP-Adresse des Besuchers und den Browser-Benutzer-Agenten-String, um bei der Spam-Erkennung zu helfen. Eine anonymisierte Zeichenfolge, die aus Ihrer E-Mail-Adresse erstellt wurde (auch Hash [...]","og_url":"https:\/\/naturalthings.shop\/de\/datenschutzrichtlinie\/","og_site_name":"NATURAL THINGS SHOP","article_modified_time":"2024-03-20T11:29:40+00:00","og_image":[{"width":920,"height":829,"url":"https:\/\/naturalthings.shop\/wp-content\/uploads\/2023\/11\/LOGO-TSR-2-V3.png","type":"image\/png"}],"twitter_card":"summary_large_image","twitter_misc":{"Gesch\u00e4tzte Lesezeit":"5\u00a0Minuten"},"schema":{"@context":"https:\/\/schema.org","@graph":[{"@type":"WebPage","@id":"https:\/\/naturalthings.shop\/de\/datenschutzrichtlinie\/","url":"https:\/\/naturalthings.shop\/de\/datenschutzrichtlinie\/","name":"DATENSCHUTZRICHTLINIE - NATURAL THINGS SHOP","isPartOf":{"@id":"https:\/\/naturalthings.shop\/#website"},"datePublished":"2023-11-06T13:49:38+00:00","dateModified":"2024-03-20T11:29:40+00:00","breadcrumb":{"@id":"https:\/\/naturalthings.shop\/de\/datenschutzrichtlinie\/#breadcrumb"},"inLanguage":"de","potentialAction":[{"@type":"ReadAction","target":["https:\/\/naturalthings.shop\/de\/datenschutzrichtlinie\/"]}]},{"@type":"BreadcrumbList","@id":"https:\/\/naturalthings.shop\/de\/datenschutzrichtlinie\/#breadcrumb","itemListElement":[{"@type":"ListItem","position":1,"name":"Home","item":"https:\/\/naturalthings.shop\/de\/"},{"@type":"ListItem","position":2,"name":"DATENSCHUTZRICHTLINIE"}]},{"@type":"WebSite","@id":"https:\/\/naturalthings.shop\/#website","url":"https:\/\/naturalthings.shop\/","name":"NATURAL THINGS SHOP","description":"","publisher":{"@id":"https:\/\/naturalthings.shop\/#organization"},"potentialAction":[{"@type":"SearchAction","target":{"@type":"EntryPoint","urlTemplate":"https:\/\/naturalthings.shop\/?s={search_term_string}"},"query-input":{"@type":"PropertyValueSpecification","valueRequired":true,"valueName":"search_term_string"}}],"inLanguage":"de"},{"@type":"Organization","@id":"https:\/\/naturalthings.shop\/#organization","name":"NATURAL THINGS SHOP","url":"https:\/\/naturalthings.shop\/","logo":{"@type":"ImageObject","inLanguage":"de","@id":"https:\/\/naturalthings.shop\/#\/schema\/logo\/image\/","url":"https:\/\/naturalthings.shop\/wp-content\/uploads\/2023\/11\/LOGO-TSR-2-V3.png","contentUrl":"https:\/\/naturalthings.shop\/wp-content\/uploads\/2023\/11\/LOGO-TSR-2-V3.png","width":920,"height":829,"caption":"NATURAL THINGS SHOP"},"image":{"@id":"https:\/\/naturalthings.shop\/#\/schema\/logo\/image\/"}}]}},"_links":{"self":[{"href":"https:\/\/naturalthings.shop\/de\/wp-json\/wp\/v2\/pages\/6252","targetHints":{"allow":["GET"]}}],"collection":[{"href":"https:\/\/naturalthings.shop\/de\/wp-json\/wp\/v2\/pages"}],"about":[{"href":"https:\/\/naturalthings.shop\/de\/wp-json\/wp\/v2\/types\/page"}],"author":[{"embeddable":true,"href":"https:\/\/naturalthings.shop\/de\/wp-json\/wp\/v2\/users\/1"}],"replies":[{"embeddable":true,"href":"https:\/\/naturalthings.shop\/de\/wp-json\/wp\/v2\/comments?post=6252"}],"version-history":[{"count":1,"href":"https:\/\/naturalthings.shop\/de\/wp-json\/wp\/v2\/pages\/6252\/revisions"}],"predecessor-version":[{"id":6254,"href":"https:\/\/naturalthings.shop\/de\/wp-json\/wp\/v2\/pages\/6252\/revisions\/6254"}],"wp:attachment":[{"href":"https:\/\/naturalthings.shop\/de\/wp-json\/wp\/v2\/media?parent=6252"}],"curies":[{"name":"wp","href":"https:\/\/api.w.org\/{rel}","templated":true}]}}